{"id":8815,"date":"2022-12-06T01:00:46","date_gmt":"2022-12-06T01:00:46","guid":{"rendered":"https:\/\/shop.pv-magazine.com\/?post_type=product&#038;p=8815"},"modified":"2022-11-28T09:16:11","modified_gmt":"2022-11-28T09:16:11","slug":"12-2022-single-print-digital-issue-pv-magazine-global","status":"publish","type":"product","link":"https:\/\/shop.pv-magazine.com\/de\/product\/12-2022-single-print-digital-issue-pv-magazine-global\/","title":{"rendered":"12\/2022 Einzelheft Print &#038; Digital &#8211; pv magazine global"},"content":{"rendered":"<strong>pv magazine Global<\/strong> deckt den globalen Photovoltaikmarkt ab und ist nur in englischer Sprache verf\u00fcgbar.","protected":false},"excerpt":{"rendered":"<p>Sie interessieren sich f\u00fcr eine bestimmte Ausgabe? Hier k\u00f6nnen Sie bequem vergangene Hefte von pv magazine Global nachbestellen. W\u00e4hlen Sie einfach Ihre Wunschausgabe und wir senden Ihnen diese umgehend zu.<\/p>\n","protected":false},"featured_media":8817,"comment_status":"closed","ping_status":"closed","template":"","meta":{"_acf_changed":false},"product_cat":[28],"product_tag":[],"class_list":["post-8815","product","type-product","status-publish","has-post-thumbnail","hentry","product_cat-single-issue-print-digital-global"],"acf":[],"jetpack_publicize_connections":[],"_links":{"self":[{"href":"https:\/\/shop.pv-magazine.com\/de\/wp-json\/wp\/v2\/product\/8815"}],"collection":[{"href":"https:\/\/shop.pv-magazine.com\/de\/wp-json\/wp\/v2\/product"}],"about":[{"href":"https:\/\/shop.pv-magazine.com\/de\/wp-json\/wp\/v2\/types\/product"}],"replies":[{"embeddable":true,"href":"https:\/\/shop.pv-magazine.com\/de\/wp-json\/wp\/v2\/comments?post=8815"}],"wp:featuredmedia":[{"embeddable":true,"href":"https:\/\/shop.pv-magazine.com\/de\/wp-json\/wp\/v2\/media\/8817"}],"wp:attachment":[{"href":"https:\/\/shop.pv-magazine.com\/de\/wp-json\/wp\/v2\/media?parent=8815"}],"wp:term":[{"taxonomy":"product_cat","embeddable":true,"href":"https:\/\/shop.pv-magazine.com\/de\/wp-json\/wp\/v2\/product_cat?post=8815"},{"taxonomy":"product_tag","embeddable":true,"href":"https:\/\/shop.pv-magazine.com\/de\/wp-json\/wp\/v2\/product_tag?post=8815"}],"curies":[{"name":"wp","href":"https:\/\/api.w.org\/{rel}","templated":true}]}}