{"id":8697,"date":"2022-11-08T01:00:21","date_gmt":"2022-11-08T01:00:21","guid":{"rendered":"https:\/\/shop.pv-magazine.com\/?post_type=product&#038;p=8697"},"modified":"2022-10-31T11:21:33","modified_gmt":"2022-10-31T11:21:33","slug":"11-2022-single-print-digital-issue-pv-magazine-global","status":"publish","type":"product","link":"https:\/\/shop.pv-magazine.com\/de\/product\/11-2022-single-print-digital-issue-pv-magazine-global\/","title":{"rendered":"11\/2022 Einzelheft Print &#038; Digital &#8211; pv magazine global"},"content":{"rendered":"<strong>pv magazine Global<\/strong> deckt den globalen Photovoltaikmarkt ab und ist nur in englischer Sprache verf\u00fcgbar.","protected":false},"excerpt":{"rendered":"<p>Sie interessieren sich f\u00fcr eine bestimmte Ausgabe? Hier k\u00f6nnen Sie bequem vergangene Hefte von pv magazine Global nachbestellen. W\u00e4hlen Sie einfach Ihre Wunschausgabe und wir senden Ihnen diese umgehend zu.<\/p>\n","protected":false},"featured_media":8695,"comment_status":"closed","ping_status":"closed","template":"","meta":{"_acf_changed":false},"product_cat":[28],"product_tag":[],"class_list":["post-8697","product","type-product","status-publish","has-post-thumbnail","hentry","product_cat-single-issue-print-digital-global"],"acf":[],"jetpack_publicize_connections":[],"_links":{"self":[{"href":"https:\/\/shop.pv-magazine.com\/de\/wp-json\/wp\/v2\/product\/8697"}],"collection":[{"href":"https:\/\/shop.pv-magazine.com\/de\/wp-json\/wp\/v2\/product"}],"about":[{"href":"https:\/\/shop.pv-magazine.com\/de\/wp-json\/wp\/v2\/types\/product"}],"replies":[{"embeddable":true,"href":"https:\/\/shop.pv-magazine.com\/de\/wp-json\/wp\/v2\/comments?post=8697"}],"wp:featuredmedia":[{"embeddable":true,"href":"https:\/\/shop.pv-magazine.com\/de\/wp-json\/wp\/v2\/media\/8695"}],"wp:attachment":[{"href":"https:\/\/shop.pv-magazine.com\/de\/wp-json\/wp\/v2\/media?parent=8697"}],"wp:term":[{"taxonomy":"product_cat","embeddable":true,"href":"https:\/\/shop.pv-magazine.com\/de\/wp-json\/wp\/v2\/product_cat?post=8697"},{"taxonomy":"product_tag","embeddable":true,"href":"https:\/\/shop.pv-magazine.com\/de\/wp-json\/wp\/v2\/product_tag?post=8697"}],"curies":[{"name":"wp","href":"https:\/\/api.w.org\/{rel}","templated":true}]}}