{"id":8213,"date":"2022-09-13T01:00:40","date_gmt":"2022-09-13T01:00:40","guid":{"rendered":"https:\/\/shop.pv-magazine.com\/?post_type=product&#038;p=8213"},"modified":"2022-09-22T14:40:34","modified_gmt":"2022-09-22T14:40:34","slug":"september-2022-single-digital-issue-pv-magazine-germany","status":"publish","type":"product","link":"https:\/\/shop.pv-magazine.com\/de\/product\/september-2022-single-digital-issue-pv-magazine-germany\/","title":{"rendered":"September 2022 Einzelheft Digital &#8211; pv magazine Deutschland"},"content":{"rendered":"<strong>pv magazine Deutschland<\/strong> deckt die Photovoltaikm\u00e4rkte in Deutschland, \u00d6sterreich und der Schweiz ab und ist nur in deutscher Sprache verf\u00fcgbar.","protected":false},"excerpt":{"rendered":"<p>Sie interessieren sich f\u00fcr eine bestimmte Ausgabe? Schonen Sie die Umwelt und bestellen Sie vergangene Ausgaben von pv magazine Deutschland als digitale Version. W\u00e4hlen Sie einfach Ihre Wunschausgabe und erhalten Sie sofort den entsprechenden Downloadlink.<\/p>\n","protected":false},"featured_media":8215,"comment_status":"closed","ping_status":"closed","template":"","meta":{"_acf_changed":false},"product_cat":[29],"product_tag":[],"class_list":["post-8213","product","type-product","status-publish","has-post-thumbnail","hentry","product_cat-single-issue-digital-germany"],"acf":[],"jetpack_publicize_connections":[],"_links":{"self":[{"href":"https:\/\/shop.pv-magazine.com\/de\/wp-json\/wp\/v2\/product\/8213"}],"collection":[{"href":"https:\/\/shop.pv-magazine.com\/de\/wp-json\/wp\/v2\/product"}],"about":[{"href":"https:\/\/shop.pv-magazine.com\/de\/wp-json\/wp\/v2\/types\/product"}],"replies":[{"embeddable":true,"href":"https:\/\/shop.pv-magazine.com\/de\/wp-json\/wp\/v2\/comments?post=8213"}],"wp:featuredmedia":[{"embeddable":true,"href":"https:\/\/shop.pv-magazine.com\/de\/wp-json\/wp\/v2\/media\/8215"}],"wp:attachment":[{"href":"https:\/\/shop.pv-magazine.com\/de\/wp-json\/wp\/v2\/media?parent=8213"}],"wp:term":[{"taxonomy":"product_cat","embeddable":true,"href":"https:\/\/shop.pv-magazine.com\/de\/wp-json\/wp\/v2\/product_cat?post=8213"},{"taxonomy":"product_tag","embeddable":true,"href":"https:\/\/shop.pv-magazine.com\/de\/wp-json\/wp\/v2\/product_tag?post=8213"}],"curies":[{"name":"wp","href":"https:\/\/api.w.org\/{rel}","templated":true}]}}