{"id":7970,"date":"2022-07-18T01:00:08","date_gmt":"2022-07-18T01:00:08","guid":{"rendered":"https:\/\/shop.pv-magazine.com\/?post_type=product&#038;p=7970"},"modified":"2022-07-13T09:08:44","modified_gmt":"2022-07-13T09:08:44","slug":"07-2022-single-print-digital-issue-pv-magazine-global","status":"publish","type":"product","link":"https:\/\/shop.pv-magazine.com\/de\/product\/07-2022-single-print-digital-issue-pv-magazine-global\/","title":{"rendered":"07\/2022 Einzelheft Print &#038; Digital &#8211; pv magazine global"},"content":{"rendered":"<strong>pv magazine Global<\/strong> deckt den globalen Photovoltaikmarkt ab und ist nur in englischer Sprache verf\u00fcgbar.","protected":false},"excerpt":{"rendered":"<p>Sie interessieren sich f\u00fcr eine bestimmte Ausgabe? Hier k\u00f6nnen Sie bequem vergangene Hefte von pv magazine Global nachbestellen. W\u00e4hlen Sie einfach Ihre Wunschausgabe und wir senden Ihnen diese umgehend zu.<\/p>\n","protected":false},"featured_media":7972,"comment_status":"closed","ping_status":"closed","template":"","meta":{"_acf_changed":false},"product_cat":[28],"product_tag":[],"class_list":["post-7970","product","type-product","status-publish","has-post-thumbnail","hentry","product_cat-single-issue-print-digital-global"],"acf":[],"jetpack_publicize_connections":[],"_links":{"self":[{"href":"https:\/\/shop.pv-magazine.com\/de\/wp-json\/wp\/v2\/product\/7970"}],"collection":[{"href":"https:\/\/shop.pv-magazine.com\/de\/wp-json\/wp\/v2\/product"}],"about":[{"href":"https:\/\/shop.pv-magazine.com\/de\/wp-json\/wp\/v2\/types\/product"}],"replies":[{"embeddable":true,"href":"https:\/\/shop.pv-magazine.com\/de\/wp-json\/wp\/v2\/comments?post=7970"}],"wp:featuredmedia":[{"embeddable":true,"href":"https:\/\/shop.pv-magazine.com\/de\/wp-json\/wp\/v2\/media\/7972"}],"wp:attachment":[{"href":"https:\/\/shop.pv-magazine.com\/de\/wp-json\/wp\/v2\/media?parent=7970"}],"wp:term":[{"taxonomy":"product_cat","embeddable":true,"href":"https:\/\/shop.pv-magazine.com\/de\/wp-json\/wp\/v2\/product_cat?post=7970"},{"taxonomy":"product_tag","embeddable":true,"href":"https:\/\/shop.pv-magazine.com\/de\/wp-json\/wp\/v2\/product_tag?post=7970"}],"curies":[{"name":"wp","href":"https:\/\/api.w.org\/{rel}","templated":true}]}}