{"id":39,"date":"2016-03-01T12:42:06","date_gmt":"2016-03-01T12:42:06","guid":{"rendered":"http:\/\/pvmagshop.wpengine.com\/?product=annual-digital-subscription-pv-magazine-germany"},"modified":"2026-02-06T08:39:54","modified_gmt":"2026-02-06T08:39:54","slug":"annual-digital-subscription-pv-magazine-germany","status":"publish","type":"product","link":"https:\/\/shop.pv-magazine.com\/de\/product\/annual-digital-subscription-pv-magazine-germany\/","title":{"rendered":"pv magazine Deutschland &#8211; Jahresabo Digital"},"content":{"rendered":"Das digitale Jahresabo von <strong>pv magazine Deutschland\u00a0<\/strong>beinhaltet 4 Ausgaben zum Preis von 45 \u20ac ggf. inklusive Umsatzsteuer. Sobald Ihre Zahlung erfolgreich bei uns eingegangen ist, erhalten Sie den Downloadlink per E-Mail. Der Downloadlink hat 30 Tage G\u00fcltigkeit. Die Rechnung wird separat verschickt.<\/p>\n<p>Ihr Abonnement wird automatisch verl\u00e4ngert. Wenn Sie keine weitere Zustellung von <strong>pv magazine Deutschland<\/strong> nach Ablauf der 12 Monate w\u00fcnschen, schicken Sie uns bitte Ihre schriftliche K\u00fcndigung bis sp\u00e4testens zwei Monate vor Ablauf Ihres laufenden Jahresabonnements. Andersfalls verl\u00e4ngert das Abonnement automatisch jeweils um ein weiteres Jahr und kann mit einer Frist von zwei Monaten vor Ablauf der jeweiligen Bezugszeit gek\u00fcndigt werden.<\/p>\n<p>Der Vorteilspreis f\u00fcr Studenten f\u00fcr ein digitales Jahresabo betr\u00e4gt 32 \u20ac ggf.\u00a0inklusive Umsatzsteuer. Wenn Sie ein Studentenabonnement abschlie\u00dfen m\u00f6chten, wenden Sie sich bitte direkt an unseren Leserservice per Mail an <a href=\"mailto:&#x73;&#x75;&#x70;&#x70;&#x6f;&#x72;&#x74;&#x40;&#x70;&#x76;&#x2d;&#x6d;&#x61;&#x67;&#x61;&#x7a;&#x69;&#x6e;&#x65;&#x2e;&#x63;&#x6f;&#x6d;\">&#x73;&#x75;&#x70;&#x70;&#x6f;&#x72;&#x74;&#x40;<span class=\"oe_displaynone\">null<\/span>&#x70;&#x76;&#x2d;&#x6d;&#x61;&#x67;&#x61;&#x7a;&#x69;&#x6e;&#x65;&#x2e;&#x63;&#x6f;&#x6d;<\/a>. Ein Studentenausweis oder eine Immatrikulationsbescheinigung sind erforderlich und m\u00fcssen dem Leserservice zur Verf\u00fcgung gestellt werden.<\/p>\n<p>Bitte beachten Sie, dass Sie online nur maximal 20 Abonnements abschlie\u00dfen k\u00f6nnen. Wenn Sie eine gr\u00f6\u00dfere Anzahl bestellen m\u00f6chten, wenden Sie sich bitte an unseren Leserservice per E-Mail an\u00a0<a href=\"mailto:&#x73;&#x75;&#x70;&#x70;&#x6f;&#x72;&#x74;&#x40;&#x70;&#x76;&#x2d;&#x6d;&#x61;&#x67;&#x61;&#x7a;&#x69;&#x6e;&#x65;&#x2e;&#x63;&#x6f;&#x6d;\">&#x73;&#x75;&#x70;&#x70;&#x6f;&#x72;&#x74;&#x40;<span class=\"oe_displaynone\">null<\/span>&#x70;&#x76;&#x2d;&#x6d;&#x61;&#x67;&#x61;&#x7a;&#x69;&#x6e;&#x65;&#x2e;&#x63;&#x6f;&#x6d;<\/a>. Gern machen wir Ihnen ein passendes Angebot.<\/p>\n<p>Alle Abonnenten von <strong>pv magazine Deutschland<\/strong> erhalten ab sofort den <strong>Gold-Status<\/strong> auf <strong>PV-Log<\/strong> f\u00fcr ein Jahr gratis (Wert 60 Euro). Schreiben Sie nach dem Abokauf einfach eine Email an <a href=\"mailto:&#x65;&#x6d;&#x61;&#x69;&#x6c;&#x40;&#x70;&#x76;&#x2d;&#x6c;&#x6f;&#x67;&#x2e;&#x63;&#x6f;&#x6d;\">email(at)pv-log.com<\/a> mit dem Betreff\u00a0<strong>Kooperation pv magazine Deutschland &amp; Top50 Solar PV Log<\/strong> und Sie werden auf <a href=\"http:\/\/www.pv-log.com\/\" target=\"_blank\" rel=\"noopener\">www.pv-log.com<\/a> f\u00fcr den Gold Status freigeschaltet.Das digitale Jahresabo von <strong>pv magazine Deutschland\u00a0<\/strong>beinhaltet 4 Ausgaben zum Preis von 45 \u20ac ggf. inklusive Umsatzsteuer. Sobald Ihre Zahlung erfolgreich bei uns eingegangen ist, erhalten Sie den Downloadlink per E-Mail. Der Downloadlink hat 30 Tage G\u00fcltigkeit. Die Rechnung wird separat verschickt.<\/p>\n<p>Ihr Abonnement wird automatisch verl\u00e4ngert. Wenn Sie keine weitere Zustellung von <strong>pv magazine Deutschland<\/strong> nach Ablauf der 12 Monate w\u00fcnschen, schicken Sie uns bitte Ihre schriftliche K\u00fcndigung bis sp\u00e4testens zwei Monate vor Ablauf Ihres laufenden Jahresabonnements. Andersfalls verl\u00e4ngert das Abonnement automatisch jeweils um ein weiteres Jahr und kann mit einer Frist von zwei Monaten vor Ablauf der jeweiligen Bezugszeit gek\u00fcndigt werden.<\/p>\n<p>Der Vorteilspreis f\u00fcr Studenten f\u00fcr ein digitales Jahresabo betr\u00e4gt 32 \u20ac ggf.\u00a0inklusive Umsatzsteuer. Wenn Sie ein Studentenabonnement abschlie\u00dfen m\u00f6chten, wenden Sie sich bitte direkt an unseren Leserservice per Mail an <a href=\"mailto:&#x73;&#x75;&#x70;&#x70;&#x6f;&#x72;&#x74;&#x40;&#x70;&#x76;&#x2d;&#x6d;&#x61;&#x67;&#x61;&#x7a;&#x69;&#x6e;&#x65;&#x2e;&#x63;&#x6f;&#x6d;\">&#x73;&#x75;&#x70;&#x70;&#x6f;&#x72;&#x74;&#x40;<span class=\"oe_displaynone\">null<\/span>&#x70;&#x76;&#x2d;&#x6d;&#x61;&#x67;&#x61;&#x7a;&#x69;&#x6e;&#x65;&#x2e;&#x63;&#x6f;&#x6d;<\/a>. Ein Studentenausweis oder eine Immatrikulationsbescheinigung sind erforderlich und m\u00fcssen dem Leserservice zur Verf\u00fcgung gestellt werden.<\/p>\n<p>Bitte beachten Sie, dass Sie online nur maximal 20 Abonnements abschlie\u00dfen k\u00f6nnen. Wenn Sie eine gr\u00f6\u00dfere Anzahl bestellen m\u00f6chten, wenden Sie sich bitte an unseren Leserservice per E-Mail an\u00a0<a href=\"mailto:&#x73;&#x75;&#x70;&#x70;&#x6f;&#x72;&#x74;&#x40;&#x70;&#x76;&#x2d;&#x6d;&#x61;&#x67;&#x61;&#x7a;&#x69;&#x6e;&#x65;&#x2e;&#x63;&#x6f;&#x6d;\">&#x73;&#x75;&#x70;&#x70;&#x6f;&#x72;&#x74;&#x40;<span class=\"oe_displaynone\">null<\/span>&#x70;&#x76;&#x2d;&#x6d;&#x61;&#x67;&#x61;&#x7a;&#x69;&#x6e;&#x65;&#x2e;&#x63;&#x6f;&#x6d;<\/a>. Gern machen wir Ihnen ein passendes Angebot.<\/p>\n<p>Alle Abonnenten von <strong>pv magazine Deutschland<\/strong> erhalten ab sofort den <strong>Gold-Status<\/strong> auf <strong>PV-Log<\/strong> f\u00fcr ein Jahr gratis (Wert 60 Euro). Schreiben Sie nach dem Abokauf einfach eine Email an <a href=\"mailto:&#x65;&#x6d;&#x61;&#x69;&#x6c;&#x40;&#x70;&#x76;&#x2d;&#x6c;&#x6f;&#x67;&#x2e;&#x63;&#x6f;&#x6d;\">email(at)pv-log.com<\/a> mit dem Betreff\u00a0<strong>Kooperation pv magazine Deutschland &amp; Top50 Solar PV Log<\/strong> und Sie werden auf <a href=\"http:\/\/www.pv-log.com\/\" target=\"_blank\" rel=\"noopener\">www.pv-log.com<\/a> f\u00fcr den Gold Status freigeschaltet.","protected":false},"excerpt":{"rendered":"<div class=\"popup\">\n<p><strong>pv magazine Deutschland\u00a0<\/strong>ist das branchenf\u00fchrende Magazin f\u00fcr hochwertige Inhalte und fundierte Analysen im Bereich der Photovoltaik.<\/p>\n<p>Die Ausgaben erscheinen viertelj\u00e4hrlich und widmet sich umfassend den aktuellen Themen und Entwicklungen auf dem deutschen Photovoltaikmarkt. Lesen Sie exklusive Berichte \u00fcber innovative Technologien, neuesten Projekten und detaillierte Marktanalysen, die von unserem Redaktionsteam aus Branchenexperten kuratiert werden. Die Ausgaben werden\u00a0<strong>ausschlie\u00dflich in deutscher Sprache<\/strong>\u00a0ver\u00f6ffentlicht.<\/p>\n<\/div>\n<h3><strong>Ihre Vorteile auf einen Blick:<br \/>\n<\/strong><\/h3>\n<ul>\n<li>4 digitale Ausgaben f\u00fcr nur 45 \u20ac<\/li>\n<li>Online-Zugriff auf das Heftarchiv und zahlreiche Services<\/li>\n<li>Sofortiger Download &#8211; kein langes Warten auf die Lieferung<\/li>\n<li>Vorteilspreis f\u00fcr Studenten f\u00fcr 32 \u20ac inkl. MwSt im Jahr<\/li>\n<li>Automatische Verl\u00e4ngerung des Abos<\/li>\n<\/ul>\n<div class=\"popup\">\n<p><strong>pv magazine Deutschland\u00a0<\/strong>ist das branchenf\u00fchrende Magazin f\u00fcr hochwertige Inhalte und fundierte Analysen im Bereich der Photovoltaik.<\/p>\n<p>Die Ausgaben erscheinen viertelj\u00e4hrlich und widmet sich umfassend den aktuellen Themen und Entwicklungen auf dem deutschen Photovoltaikmarkt. Lesen Sie exklusive Berichte \u00fcber innovative Technologien, neuesten Projekten und detaillierte Marktanalysen, die von unserem Redaktionsteam aus Branchenexperten kuratiert werden. Die Ausgaben werden\u00a0<strong>ausschlie\u00dflich in deutscher Sprache<\/strong>\u00a0ver\u00f6ffentlicht.<\/p>\n<\/div>\n<h3><strong>Ihre Vorteile auf einen Blick:<br \/>\n<\/strong><\/h3>\n<ul>\n<li>4 digitale Ausgaben f\u00fcr nur 45 \u20ac<\/li>\n<li>Online-Zugriff auf das Heftarchiv und zahlreiche Services<\/li>\n<li>Sofortiger Download &#8211; kein langes Warten auf die Lieferung<\/li>\n<li>Vorteilspreis f\u00fcr Studenten f\u00fcr 32 \u20ac inkl. MwSt im Jahr<\/li>\n<li>Automatische Verl\u00e4ngerung des Abos<\/li>\n<\/ul>\n","protected":false},"featured_media":20869,"comment_status":"closed","ping_status":"closed","template":"","meta":{"_acf_changed":false},"product_cat":[11],"product_tag":[],"class_list":["post-39","product","type-product","status-publish","has-post-thumbnail","hentry","product_cat-pv-magazine-germany"],"acf":[],"jetpack_publicize_connections":[],"_links":{"self":[{"href":"https:\/\/shop.pv-magazine.com\/de\/wp-json\/wp\/v2\/product\/39"}],"collection":[{"href":"https:\/\/shop.pv-magazine.com\/de\/wp-json\/wp\/v2\/product"}],"about":[{"href":"https:\/\/shop.pv-magazine.com\/de\/wp-json\/wp\/v2\/types\/product"}],"replies":[{"embeddable":true,"href":"https:\/\/shop.pv-magazine.com\/de\/wp-json\/wp\/v2\/comments?post=39"}],"wp:featuredmedia":[{"embeddable":true,"href":"https:\/\/shop.pv-magazine.com\/de\/wp-json\/wp\/v2\/media\/20869"}],"wp:attachment":[{"href":"https:\/\/shop.pv-magazine.com\/de\/wp-json\/wp\/v2\/media?parent=39"}],"wp:term":[{"taxonomy":"product_cat","embeddable":true,"href":"https:\/\/shop.pv-magazine.com\/de\/wp-json\/wp\/v2\/product_cat?post=39"},{"taxonomy":"product_tag","embeddable":true,"href":"https:\/\/shop.pv-magazine.com\/de\/wp-json\/wp\/v2\/product_tag?post=39"}],"curies":[{"name":"wp","href":"https:\/\/api.w.org\/{rel}","templated":true}]}}