{"id":34,"date":"2016-03-01T12:37:06","date_gmt":"2016-03-01T12:37:06","guid":{"rendered":"http:\/\/pvmagshop.wpengine.com\/?product=annual-print-digital-subscription-pv-magazine-germany"},"modified":"2026-02-06T08:40:27","modified_gmt":"2026-02-06T08:40:27","slug":"annual-print-digital-subscription-pv-magazine-germany","status":"publish","type":"product","link":"https:\/\/shop.pv-magazine.com\/de\/product\/annual-print-digital-subscription-pv-magazine-germany\/","title":{"rendered":"pv magazine Deutschland &#8211; Jahresabo Print &#038; Digital"},"content":{"rendered":"<span class=\"ui-provider ef cnz brn coa cob coc cod coe cof cog coh coi coj cok col com con coo cop coq cor cos cot cou cov cow cox coy coz cpa cpb cpc cpd cpe cpf\" dir=\"ltr\">Das Jahresabonnement von <strong>pv magazine Deutschland<\/strong> umfasst 4 Ausgaben sowohl in Print- als auch Digitalformat zum Preis von 59 \u20ac, ggf. inkl. MwSt. und Versand. Sie erhalten die n\u00e4chste verf\u00fcgbare Ausgabe des Magazins nach erfolgreichem Zahlungseingang digital und per Post. Ihre Rechnung wird separat verschickt. Dieser Vorgang kann bis zu einigen Wochen in Anspruch nehmen. Ihr Abonnement verl\u00e4ngert sich automatisch. Wenn Sie das <strong>pv magazine Germany<\/strong> nach 12 Monaten nicht mehr erhalten m\u00f6chten, senden Sie uns bitte mindestens zwei Monate vor Ablauf Ihres aktuellen Jahresabonnements eine schriftliche K\u00fcndigung per E-Mail oder Post. Geht die schriftliche K\u00fcndigung nicht bis zu diesem Zeitpunkt ein, verl\u00e4ngert sich Ihr Abonnement automatisch um ein weiteres Jahr. Es kann dann nur mit einer Frist von zwei Monaten vor Ablauf des n\u00e4chsten 12-monatigen Abonnementzeitraums gek\u00fcndigt werden.<br \/>\n<\/span><\/p>\n<p><span class=\"ui-provider ef cnz brn coa cob coc cod coe cof cog coh coi coj cok col com con coo cop coq cor cos cot cou cov cow cox coy coz cpa cpb cpc cpd cpe cpf\" dir=\"ltr\">Bitte beachten Sie, dass Sie nur maximal <strong>20 Abonnements online<\/strong> bestellen k\u00f6nnen. Wenn Sie mehr bestellen m\u00f6chten, wenden Sie sich bitte an unseren Leserservice unter <a href=\"mailto:&#x73;&#x75;&#x70;&#x70;&#x6f;&#x72;&#x74;&#x40;&#x70;&#x76;&#x2d;&#x6d;&#x61;&#x67;&#x61;&#x7a;&#x69;&#x6e;&#x65;&#x2e;&#x63;&#x6f;&#x6d;\">&#x73;&#x75;&#x70;&#x70;&#x6f;&#x72;&#x74;&#x40;<span class=\"oe_displaynone\">null<\/span>&#x70;&#x76;&#x2d;&#x6d;&#x61;&#x67;&#x61;&#x7a;&#x69;&#x6e;&#x65;&#x2e;&#x63;&#x6f;&#x6d;<\/a>. Wir unterbreiten Ihnen gerne ein passendes Angebot.<\/span>","protected":false},"excerpt":{"rendered":"<p><span class=\"ui-provider ef cnz brn coa cob coc cod coe cof cog coh coi coj cok col com con coo cop coq cor cos cot cou cov cow cox coy coz cpa cpb cpc cpd cpe cpf\" dir=\"ltr\"><strong>pv magazine Deutschland<\/strong> ist das branchenf\u00fchrende Magazin f\u00fcr hochwertige Inhalte und fundierte Analysen im Bereich der Photovoltaik.<br \/>\nDie Ausgaben erscheinen viertelj\u00e4hrlich und widmet sich umfassend den aktuellen Themen und Entwicklungen auf dem deutschen Photovoltaikmarkt. Lesen Sie exklusive Berichte \u00fcber innovative Technologien, neuesten Projekten und detaillierte Marktanalysen, die von unserem Redaktionsteam aus Branchenexperten kuratiert werden. Die Ausgaben werden <strong>ausschlie\u00dflich in deutscher Sprache<\/strong> ver\u00f6ffentlicht.<\/span><\/p>\n<h3><strong>Ihre Vorteile auf einen Blick:<\/strong><\/h3>\n<ul>\n<li>4 Ausgaben zum Sonderpreis von 59 \u20ac inkl. MwSt.<\/li>\n<li>Kostenlose weltweite Zustellung<\/li>\n<li>Online-Zugang zum vollst\u00e4ndigen Archiv und zu weiteren Services<\/li>\n<li>Automatische Verl\u00e4ngerung Ihres Jahresabonnements<\/li>\n<\/ul>\n","protected":false},"featured_media":20870,"comment_status":"closed","ping_status":"closed","template":"","meta":{"_acf_changed":false},"product_cat":[11],"product_tag":[],"class_list":["post-34","product","type-product","status-publish","has-post-thumbnail","hentry","product_cat-pv-magazine-germany"],"acf":[],"jetpack_publicize_connections":[],"_links":{"self":[{"href":"https:\/\/shop.pv-magazine.com\/de\/wp-json\/wp\/v2\/product\/34"}],"collection":[{"href":"https:\/\/shop.pv-magazine.com\/de\/wp-json\/wp\/v2\/product"}],"about":[{"href":"https:\/\/shop.pv-magazine.com\/de\/wp-json\/wp\/v2\/types\/product"}],"replies":[{"embeddable":true,"href":"https:\/\/shop.pv-magazine.com\/de\/wp-json\/wp\/v2\/comments?post=34"}],"wp:featuredmedia":[{"embeddable":true,"href":"https:\/\/shop.pv-magazine.com\/de\/wp-json\/wp\/v2\/media\/20870"}],"wp:attachment":[{"href":"https:\/\/shop.pv-magazine.com\/de\/wp-json\/wp\/v2\/media?parent=34"}],"wp:term":[{"taxonomy":"product_cat","embeddable":true,"href":"https:\/\/shop.pv-magazine.com\/de\/wp-json\/wp\/v2\/product_cat?post=34"},{"taxonomy":"product_tag","embeddable":true,"href":"https:\/\/shop.pv-magazine.com\/de\/wp-json\/wp\/v2\/product_tag?post=34"}],"curies":[{"name":"wp","href":"https:\/\/api.w.org\/{rel}","templated":true}]}}