{"id":20837,"date":"2026-02-06T01:00:40","date_gmt":"2026-02-06T01:00:40","guid":{"rendered":"https:\/\/shop.pv-magazine.com\/?post_type=product&#038;p=20837"},"modified":"2026-02-10T14:45:55","modified_gmt":"2026-02-10T14:45:55","slug":"february-2026-single-digital-issue-pv-magazine-deutschland","status":"publish","type":"product","link":"https:\/\/shop.pv-magazine.com\/de\/product\/february-2026-single-digital-issue-pv-magazine-deutschland\/","title":{"rendered":"Februar 2026  Einzelheft Digital \u2013 pv magazine Deutschland"},"content":{"rendered":"<div>\n<div><strong>Gro\u00dfspeicher &#8211; vom Bau bis zur Vermarktung\u00a0<\/strong><\/div>\n<ul>\n<li>Gigawatt-Zusagen und Realit\u00e4t: <strong>Werden 10, 30 oder 78 Gigawatt bis 2030 zugebaut?\u00a0<\/strong><\/li>\n<li><strong>Flexible Netzanschlussvertr\u00e4ge (FCA):<\/strong> Lassen sie sich standardisieren, damit sie nicht zur Spa\u00dfbremse werden?<\/li>\n<li>Markt\u00fcbersicht: \u00fcber <strong>500 Produkte und Dienstleistungen<\/strong> f\u00fcr Gro\u00df- und Gewerbespeicher<\/li>\n<li>Co-Location &amp; <strong>Hybrid-PPAs:<\/strong> <strong>sechs Modelle<\/strong> zur gemeinsamen Vermarktung von Photovoltaik und Speichern<\/li>\n<li><strong>Dunkelflaute: <\/strong>Mythos, Realit\u00e4t und der Beitrag von Speichern<\/li>\n<\/ul>\n<div><strong>Gewerbeanlagen werden flexibel\u00a0<\/strong><\/div>\n<ul>\n<li><strong>Gewerbespeicher Behind-the-Meter: <\/strong>nicht nur Lastspitzen senken, sondern auch <strong>Strom handeln und damit Erl\u00f6se steigern<\/strong><\/li>\n<li><strong>Praxisbeispiele Gewerbespeicher: <\/strong>von Ausfallsicherheit \u00fcber E-Lkw-Laden bis Autarkie auf Zeit<\/li>\n<\/ul>\n<div>\n<div><strong>Au\u00dferdem in dieser Ausgabe:<\/strong><\/div>\n<div>Beitr\u00e4ge zu Brandschutz, Flachdach-Statik, Absturzsicherungen und ein Interview zum Einstieg von Solarbetrieben in den W\u00e4rmepumpenmarkt.<\/div>\n<\/div>\n<\/div>\n<div>\n<p>Hier k\u00f6nnen Sie bequem vergangene Hefte von\u00a0<a href=\"https:\/\/shop.pv-magazine.com\/product-category\/pv-magazine-germany\/single-issue-print-digital-germany\/\">pv magazine Deutschland<\/a>\u00a0nachbestellen. W\u00e4hlen Sie einfach Ihre Wunschausgabe und wir senden Ihnen diese umgehend zu.<\/p>\n<\/div>","protected":false},"excerpt":{"rendered":"<h2><strong>Batteriespeicher im Flexibilit\u00e4tsmarkt: Gewerbeanlagen, Gro\u00dfspeicher und neue Erl\u00f6smodelle\u00a0<\/strong><\/h2>\n<p>Batteriespeicher ver\u00e4ndern den Markt &#8211; im Gewerbe ebenso wie als Stand-alone-Gro\u00dfspeicher oder in Co-Location mit gro\u00dfen Freifl\u00e4chen-Photovoltaikanlagen. Die Vermarktung der Flexibilit\u00e4t wird zu einem entscheidenden Erl\u00f6santeil, mit dem sich Installateure, Betreiber und Projektentwickler besch\u00e4ftigen m\u00fcssen. In der neuen Ausgabe zeigen wir, was das heute und in naher Zukunft bedeutet.<\/p>\n<p><a href=\"https:\/\/www.flipsnack.com\/pvmagazinegroup\/pv-magazine_germany_2026-01_preview\" target=\"_blank\" rel=\"noopener\">VORSCHAU<\/a><\/p>\n","protected":false},"featured_media":20840,"comment_status":"closed","ping_status":"closed","template":"","meta":{"_acf_changed":false},"product_cat":[29],"product_tag":[],"class_list":["post-20837","product","type-product","status-publish","has-post-thumbnail","hentry","product_cat-single-issue-digital-germany"],"acf":[],"jetpack_publicize_connections":[],"_links":{"self":[{"href":"https:\/\/shop.pv-magazine.com\/de\/wp-json\/wp\/v2\/product\/20837"}],"collection":[{"href":"https:\/\/shop.pv-magazine.com\/de\/wp-json\/wp\/v2\/product"}],"about":[{"href":"https:\/\/shop.pv-magazine.com\/de\/wp-json\/wp\/v2\/types\/product"}],"replies":[{"embeddable":true,"href":"https:\/\/shop.pv-magazine.com\/de\/wp-json\/wp\/v2\/comments?post=20837"}],"wp:featuredmedia":[{"embeddable":true,"href":"https:\/\/shop.pv-magazine.com\/de\/wp-json\/wp\/v2\/media\/20840"}],"wp:attachment":[{"href":"https:\/\/shop.pv-magazine.com\/de\/wp-json\/wp\/v2\/media?parent=20837"}],"wp:term":[{"taxonomy":"product_cat","embeddable":true,"href":"https:\/\/shop.pv-magazine.com\/de\/wp-json\/wp\/v2\/product_cat?post=20837"},{"taxonomy":"product_tag","embeddable":true,"href":"https:\/\/shop.pv-magazine.com\/de\/wp-json\/wp\/v2\/product_tag?post=20837"}],"curies":[{"name":"wp","href":"https:\/\/api.w.org\/{rel}","templated":true}]}}