{"id":19711,"date":"2025-11-13T01:00:34","date_gmt":"2025-11-13T01:00:34","guid":{"rendered":"https:\/\/shop.pv-magazine.com\/?post_type=product&#038;p=19711"},"modified":"2026-03-25T15:17:39","modified_gmt":"2026-03-25T15:17:39","slug":"november-2025-einzelheft-print-digital-pv-magazine-deutschland","status":"publish","type":"product","link":"https:\/\/shop.pv-magazine.com\/de\/product\/november-2025-einzelheft-print-digital-pv-magazine-deutschland\/","title":{"rendered":"November 2025 Einzelheft Print &amp; Digital &#8211; pv magazine Deutschland"},"content":{"rendered":"<div>\n<p>Das <strong>Ausschreibungsmodell muss bis zum 1. Januar 2027 novelliert werden.<\/strong> Es ist nicht mehr viel Zeit, sich darauf einzustellen. Wir diskutieren, <strong>wie Projektentwickler reagieren<\/strong> k\u00f6nnen und was der Stand bei f\u00f6rderfreien Alternativen ist. Das Trendthema sind dabei <strong>Photovoltaik-Speicher-Hybrid-PPAs<\/strong>. Die weiteren Themen reichen von <strong>Agri-Photovoltaik <\/strong>mit Nachf\u00fchrung \u00fcber <strong>Gr\u00fcnstromspeicher<\/strong> bis <strong>Cybersicherheit<\/strong>. Wir berichten \u00fcber die neuesten Zahlen zum <strong>Speicherausbau<\/strong> und dar\u00fcber, ob der Zubau angesichts der Zahl der Netzanschlusszusagen, die gr\u00f6\u00dfer als erwartet ist, nicht doch schneller kommen kann als gedacht.<\/p>\n<p>Auch werfen wir mal wieder einen Blick auf <strong>Wasserstoff<\/strong>. Nach dem Hype vor einigen Jahren ist die Dynamik langsamer geworden, doch jetzt zeigen sich einige positive Entwicklungen, die <strong>f\u00fcr Photovoltaik-Entwickler interessant<\/strong> sein k\u00f6nnen.<\/p>\n<h3>Weitere Themen in dieser Ausgabe:<\/h3>\n<div>\n<p><strong>Freifl\u00e4chenanlagen, Vermarktung, Cybersicherheit<\/strong><strong>:<\/strong><\/p>\n<ul>\n<li>Umgehen mit der Unsicherheit der absehbaren<strong> EEG-Novelle.<\/strong><\/li>\n<li>F\u00f6rderfreie Anlagen: von reinen Solar-Stromliefervertr\u00e4gen zu <strong>Photovoltaik-Speicher-Hybrid-PPAs.<\/strong><\/li>\n<li><strong>Co-Location-Batterien: <\/strong>Wie Gr\u00fcnstromspeicher neue Chancen schaffen und die Projektlaufzeiten verk\u00fcrzen helfen.<\/li>\n<li><strong>Tracking-Systeme: <\/strong>Photovoltaik mit Nachf\u00fchrung ist weltweit die g\u00fcnstigste Stromerzeugungsform und nun auch in Deutschland auf dem Vormarsch, speziell bei Agri-Photovoltaik.<\/li>\n<li><strong>Viertelstunden-Vermarktung: <\/strong>Die Umstellung im Day-Ahead-Markt der Stromb\u00f6rse birgt Chancen f\u00fcr Mehrerl\u00f6se, aber auch Risiken.<\/li>\n<li><strong>Cyberattacken:<\/strong> Die EU reagiert und versch\u00e4rft die Anforderungen im Energiebereich. Die Branche muss sich mit Kritis, NIS2 und der Genehmigung kritischer Komponenten auseinandersetzen.<\/li>\n<\/ul>\n<p><strong>Photovoltaik verkaufen<\/strong><\/p>\n<ul>\n<li><strong>Privatkundengesch\u00e4ft: <\/strong>Der Gesamtumsatz des Segments geht deutlich zur\u00fcck. Wenn Handwerk und Anbieter die Gr\u00fcnde daf\u00fcr analysieren, steigen ihre Chancen.<\/li>\n<li><strong>Verkaufsstrategien:<\/strong> Der Marketing-Vordenker Geoffrey Moore erl\u00e4utert, wie sich sein Modell vom Technologiemarkt auf die Solarbranche \u00fcbertragen l\u00e4sst.<\/li>\n<li><strong>Installateursumfrage:<\/strong> Die Lage ist ernst, doch es gibt auch Ideen zum Gegensteuern. Zum Beispiel installieren immer mehr Handwerksbetriebe mehr als \u201enur\u201c Photovoltaik.<\/li>\n<li><strong>Gro\u00dfhandel: <\/strong>Auch die H\u00e4ndler haben zu k\u00e4mpfen. Ihre Gegenstrategien funktionieren nat\u00fcrlich nicht ohne ihre Installationspartner.<\/li>\n<\/ul>\n<p><strong>Auch in dieser Ausgabe<\/strong><\/p>\n<ul>\n<li><strong>Wasserstoff: <\/strong>War da nicht mal was? Um Wasserstoffelektrolyseure ist es still geworden, doch nun tauchen immer mehr Projekte auf \u2013 auch als potenzielle Abnehmer von Solarstrom.<\/li>\n<li><strong>Nulleinspeisung: <\/strong>Neue Photovoltaikanlagen d\u00fcrfen in vielen Netzregionen nur noch mit Nulleinspeisung in Betrieb gehen. Fachanwalt Sebastian Lange erl\u00e4utert wichtige Rechtsfragen hierzu.<\/li>\n<li><strong>Speicherausbau: <\/strong>Immer noch wird das Tempo untersch\u00e4tzt. Die \u00dcbertragungsnetzbetreiber haben weit mehr Leistung genehmigt, als von Experten erwartet.<\/li>\n<li><strong>Weiterbildung:<\/strong> Ein Solartechnik-Lehrgang der Handwerkskammer M\u00fcnchen und Oberbayern legt den Fokus auf Systemintegration und Sektorenkopplung.<\/li>\n<\/ul>\n<\/div>\n<\/div>\n<div>\n<p>Hier k\u00f6nnen Sie bequem vergangene Hefte von\u00a0<a href=\"https:\/\/shop.pv-magazine.com\/product-category\/pv-magazine-germany\/single-issue-print-digital-germany\/\">pv magazine Deutschland<\/a>\u00a0nachbestellen. W\u00e4hlen Sie einfach Ihre Wunschausgabe und wir senden Ihnen diese umgehend zu.<\/p>\n<\/div>","protected":false},"excerpt":{"rendered":"<h2 class=\"cvGsUA direction-ltr align-start para-style-body\"><strong>Der n\u00e4chste Zug im Solarmarkt: Strategien f\u00fcr Installateure &amp; Entwickler<\/strong><\/h2>\n<p>Die neue Ausgabe von pv magazine ist erschienen. Wir haben in einer gro\u00dfen Umfrage die Einsch\u00e4tzung des Marktes durch Solar-Installateure erkundet und werfen einen Blick auf die Herausforderungen f\u00fcr Gro\u00dfanlagen und Speicherprojekte.<\/p>\n<p>Das <strong>Privatkundengesch\u00e4ft<\/strong> ist schwieriger geworden. Warum ist das so, und vor allem: Welche Strategien k\u00f6nnen <strong>Handwerk<\/strong> und Anbieter dagegensetzen? Welche Ideen steuert der <strong>Gro\u00dfhandel<\/strong> bei? Diesen Fragen gehen wir ebenso nach wie den Herausforderungen \u2013 und den Erfolg versprechenden Gesch\u00e4ftsideen \u2013 f\u00fcr Gro\u00dfanlagen.<\/p>\n<p><a href=\"https:\/\/www.flipsnack.com\/pvmagazinegroup\/pv-magazine_germany_2025-04_preview\" target=\"_blank\" rel=\"noopener\">VORSCHAU<\/a><\/p>\n","protected":false},"featured_media":19710,"comment_status":"closed","ping_status":"closed","template":"","meta":{"_acf_changed":false},"product_cat":[27],"product_tag":[],"class_list":["post-19711","product","type-product","status-publish","has-post-thumbnail","hentry","product_cat-single-issue-print-digital-germany"],"acf":[],"jetpack_publicize_connections":[],"_links":{"self":[{"href":"https:\/\/shop.pv-magazine.com\/de\/wp-json\/wp\/v2\/product\/19711"}],"collection":[{"href":"https:\/\/shop.pv-magazine.com\/de\/wp-json\/wp\/v2\/product"}],"about":[{"href":"https:\/\/shop.pv-magazine.com\/de\/wp-json\/wp\/v2\/types\/product"}],"replies":[{"embeddable":true,"href":"https:\/\/shop.pv-magazine.com\/de\/wp-json\/wp\/v2\/comments?post=19711"}],"wp:featuredmedia":[{"embeddable":true,"href":"https:\/\/shop.pv-magazine.com\/de\/wp-json\/wp\/v2\/media\/19710"}],"wp:attachment":[{"href":"https:\/\/shop.pv-magazine.com\/de\/wp-json\/wp\/v2\/media?parent=19711"}],"wp:term":[{"taxonomy":"product_cat","embeddable":true,"href":"https:\/\/shop.pv-magazine.com\/de\/wp-json\/wp\/v2\/product_cat?post=19711"},{"taxonomy":"product_tag","embeddable":true,"href":"https:\/\/shop.pv-magazine.com\/de\/wp-json\/wp\/v2\/product_tag?post=19711"}],"curies":[{"name":"wp","href":"https:\/\/api.w.org\/{rel}","templated":true}]}}