{"id":19,"date":"2016-03-01T12:02:35","date_gmt":"2016-03-01T12:02:35","guid":{"rendered":"http:\/\/pvmagshop.wpengine.com\/?post_type=product&#038;p=19"},"modified":"2026-04-02T06:10:32","modified_gmt":"2026-04-02T06:10:32","slug":"print-digital-subscription-pv-magazine-global","status":"publish","type":"product","link":"https:\/\/shop.pv-magazine.com\/de\/product\/print-digital-subscription-pv-magazine-global\/","title":{"rendered":"pv magazine Global &#8211; Jahresabo Print &#038; Digital"},"content":{"rendered":"Das Jahresabo print <strong>pv magazine global<\/strong> beinhaltet 12 Ausgaben zum Preis von 199 \u20ac ggf. inklusive Umsatzsteuer und Versand. Sie erhalten die Zeitschrift per Post nach erfolgreichem Zahlungseingang. Die Rechnung wird separat verschickt. Ihr Abonnement wird automatisch verl\u00e4ngert. Wenn Sie keine weitere Zustellung von <strong>pv magazine global<\/strong> nach Ablauf der 12 Monate w\u00fcnschen, schicken Sie uns bitte Ihre schriftliche K\u00fcndigung bis sp\u00e4testens zwei Monate vor Ablauf Ihres laufenden Jahresabonnements. Andersfalls verl\u00e4ngert sich das Abonnement automatisch jeweils um ein weiteres Jahr und kann mit einer Frist von zwei Monaten vor Ablauf der jeweiligen Bezugszeit gek\u00fcndigt werden.<\/p>\n<p>Bitte beachten Sie, dass Sie online nur maximal 20 Abonnements abschlie\u00dfen k\u00f6nnen. Wenn Sie eine gr\u00f6\u00dfere Anzahl bestellen m\u00f6chten, wenden Sie sich bitte an unseren Leserservice per E-Mail an <a href=\"mailto:&#x73;&#x75;&#x70;&#x70;&#x6f;&#x72;&#x74;&#x40;&#x70;&#x76;&#x2d;&#x6d;&#x61;&#x67;&#x61;&#x7a;&#x69;&#x6e;&#x65;&#x2e;&#x63;&#x6f;&#x6d;\">&#x73;&#x75;&#x70;&#x70;&#x6f;&#x72;&#x74;&#x40;<span class=\"oe_displaynone\">null<\/span>&#x70;&#x76;&#x2d;&#x6d;&#x61;&#x67;&#x61;&#x7a;&#x69;&#x6e;&#x65;&#x2e;&#x63;&#x6f;&#x6d;<\/a>. Gern machen wir Ihnen ein passendes Angebot.Das Jahresabo print <strong>pv magazine global<\/strong> beinhaltet 12 Ausgaben zum Preis von 199 \u20ac ggf. inklusive Umsatzsteuer und Versand. Sie erhalten die Zeitschrift per Post nach erfolgreichem Zahlungseingang. Die Rechnung wird separat verschickt. Ihr Abonnement wird automatisch verl\u00e4ngert. Wenn Sie keine weitere Zustellung von <strong>pv magazine global<\/strong> nach Ablauf der 12 Monate w\u00fcnschen, schicken Sie uns bitte Ihre schriftliche K\u00fcndigung bis sp\u00e4testens zwei Monate vor Ablauf Ihres laufenden Jahresabonnements. Andersfalls verl\u00e4ngert sich das Abonnement automatisch jeweils um ein weiteres Jahr und kann mit einer Frist von zwei Monaten vor Ablauf der jeweiligen Bezugszeit gek\u00fcndigt werden.<\/p>\n<p>Bitte beachten Sie, dass Sie online nur maximal 20 Abonnements abschlie\u00dfen k\u00f6nnen. Wenn Sie eine gr\u00f6\u00dfere Anzahl bestellen m\u00f6chten, wenden Sie sich bitte an unseren Leserservice per E-Mail an <a href=\"mailto:&#x73;&#x75;&#x70;&#x70;&#x6f;&#x72;&#x74;&#x40;&#x70;&#x76;&#x2d;&#x6d;&#x61;&#x67;&#x61;&#x7a;&#x69;&#x6e;&#x65;&#x2e;&#x63;&#x6f;&#x6d;\">&#x73;&#x75;&#x70;&#x70;&#x6f;&#x72;&#x74;&#x40;<span class=\"oe_displaynone\">null<\/span>&#x70;&#x76;&#x2d;&#x6d;&#x61;&#x67;&#x61;&#x7a;&#x69;&#x6e;&#x65;&#x2e;&#x63;&#x6f;&#x6d;<\/a>. Gern machen wir Ihnen ein passendes Angebot.","protected":false},"excerpt":{"rendered":"<p>Unabh\u00e4ngige, professionelle Berichterstattung \u00fcber die neuesten technologischen Trends und Marktentwicklungen weltweit! <strong>pv magazine Global<\/strong> ist nur in englischer Sprache verf\u00fcgbar.<\/p>\n<h3>Ihre Vorteile auf einen Blick:<\/h3>\n<ul>\n<li>12 Ausgaben zum Vorteilspreis von 199 \u20ac inkl. MwSt<\/li>\n<li>Kostenlose Lieferung weltweit<\/li>\n<li>Online-Zugriff auf das\u00a0Heftarchiv und zahlreiche Services<\/li>\n<li>Automatische Verl\u00e4ngerung des Abos<\/li>\n<\/ul>\n<p>Unabh\u00e4ngige, professionelle Berichterstattung \u00fcber die neuesten technologischen Trends und Marktentwicklungen weltweit! <strong>pv magazine Global<\/strong> ist nur in englischer Sprache verf\u00fcgbar.<\/p>\n<h3>Ihre Vorteile auf einen Blick:<\/h3>\n<ul>\n<li>12 Ausgaben zum Vorteilspreis von 199 \u20ac inkl. MwSt<\/li>\n<li>Kostenlose Lieferung weltweit<\/li>\n<li>Online-Zugriff auf das\u00a0Heftarchiv und zahlreiche Services<\/li>\n<li>Automatische Verl\u00e4ngerung des Abos<\/li>\n<\/ul>\n","protected":false},"featured_media":21258,"comment_status":"closed","ping_status":"closed","template":"","meta":{"_acf_changed":false},"product_cat":[10],"product_tag":[],"class_list":["post-19","product","type-product","status-publish","has-post-thumbnail","hentry","product_cat-pv-magazine-global"],"acf":[],"jetpack_publicize_connections":[],"_links":{"self":[{"href":"https:\/\/shop.pv-magazine.com\/de\/wp-json\/wp\/v2\/product\/19"}],"collection":[{"href":"https:\/\/shop.pv-magazine.com\/de\/wp-json\/wp\/v2\/product"}],"about":[{"href":"https:\/\/shop.pv-magazine.com\/de\/wp-json\/wp\/v2\/types\/product"}],"replies":[{"embeddable":true,"href":"https:\/\/shop.pv-magazine.com\/de\/wp-json\/wp\/v2\/comments?post=19"}],"wp:featuredmedia":[{"embeddable":true,"href":"https:\/\/shop.pv-magazine.com\/de\/wp-json\/wp\/v2\/media\/21258"}],"wp:attachment":[{"href":"https:\/\/shop.pv-magazine.com\/de\/wp-json\/wp\/v2\/media?parent=19"}],"wp:term":[{"taxonomy":"product_cat","embeddable":true,"href":"https:\/\/shop.pv-magazine.com\/de\/wp-json\/wp\/v2\/product_cat?post=19"},{"taxonomy":"product_tag","embeddable":true,"href":"https:\/\/shop.pv-magazine.com\/de\/wp-json\/wp\/v2\/product_tag?post=19"}],"curies":[{"name":"wp","href":"https:\/\/api.w.org\/{rel}","templated":true}]}}