{"id":15293,"date":"2025-09-12T01:00:34","date_gmt":"2025-09-12T01:00:34","guid":{"rendered":"https:\/\/shop.pv-magazine.com\/?post_type=product&#038;p=15293"},"modified":"2025-09-11T12:05:16","modified_gmt":"2025-09-11T12:05:16","slug":"september-2025-einzelheft-print-digital-pv-magazine-deutschland","status":"publish","type":"product","link":"https:\/\/shop.pv-magazine.com\/de\/product\/september-2025-einzelheft-print-digital-pv-magazine-deutschland\/","title":{"rendered":"September 2025 Einzelheft Print &amp; Digital &#8211; pv magazine Deutschland"},"content":{"rendered":"<h3>Weitere Themen in dieser Ausgabe:<\/h3>\n<div>\n<div><strong>Elektromobilit\u00e4t, Ladeinfrastruktur, Wallboxen<\/strong><\/div>\n<ul>\n<li><strong>Markt\u00fcbersicht Wallboxen:<\/strong>\u00a0210 Produkte, davon 52 neue Modelle mit technischen Details f\u00fcr privaten und \u00f6ffentlichen Gebrauch.<\/li>\n<li><strong>Bidirektionales Laden:\u00a0<\/strong>Stand der Technik und Unterschiede zwischen DC- und AC-basierter Technik.<\/li>\n<li><strong>Energiemanagement:\u00a0<\/strong>Wallboxen mit integriertem Energiemanagement: Tipps f\u00fcr den Einsatz im Ger\u00e4teverbund.<\/li>\n<li><strong>Lkw-Laden:\u00a0<\/strong>Erste Speditionen steigen um und brauchen Lades\u00e4ulen.<\/li>\n<\/ul>\n<p><strong>Innovationen\u00a0<\/strong><\/p>\n<ul>\n<li><strong>Top oder Flop:\u00a0<\/strong>Wie aus Ideen erfolgreiche Gesch\u00e4ftsmodelle werden.<\/li>\n<li><strong>Systemspannung:<\/strong>\u00a0In China und Nordamerika entstehen Photovoltaikanlagen mit 2.000 Volt DC. Europa \u00fcberholt vielleicht mit 3.000 Volt.<\/li>\n<li><strong>Batterie-Leistungselektronik:\u00a0<\/strong>Neue Architektur ist auf dem Markt und verspricht kleinere, effizientere und sicherere Wechselstrom-Batterien.<\/li>\n<li><strong>Autonome Drohnen:\u00a0<\/strong>Stationierte Drohnen, die selbstst\u00e4ndig starten, als n\u00e4chster Schritt in der Betriebsf\u00fchrung von Freifl\u00e4chenanlagen.<\/li>\n<li><strong>Gemeinschaftliche Geb\u00e4udeversorgung: <\/strong>So l\u00e4sst sich der Aufwand bei der Umsetzung begrenzen.<\/li>\n<li><strong>Zukunft: <\/strong>Wer Innovationen sucht, muss auch nach China blicken.<\/li>\n<\/ul>\n<p><strong>Auch in dieser Ausgabe\u00a0<\/strong><\/p>\n<ul>\n<li><strong>Gr\u00fcnstromspeicher: <\/strong>Eine Rechnung zeigt, warum das Konzept in Co-Location mit einer Photovoltaikanlage wirtschaftlich tr\u00e4gt und Zukunft hat.<\/li>\n<li><strong>pv magazine highlight:<\/strong> Netzbildender Batteriegro\u00dfspeicher am Umspannwerk f\u00fcr mehr Resilienz.<\/li>\n<li><strong>Kundenanlagen unter Beschuss: <\/strong>Mieterstrom, Energy-Sharing und gemeinschaftliche Geb\u00e4udeversorgung &#8211; eine Einordnung zeigt, was nach dem BGH-Urteil noch geht.<\/li>\n<li><strong>Planungstools:<\/strong> Was die Software-Angebote zur Auslegung von Unterkonstruktionen inzwischen k\u00f6nnen und wie sie zur juristischen Absicherung helfen.<\/li>\n<li><strong>Transformation im Handwerk:\u00a0<\/strong>Wie ein Betrieb fit wird f\u00fcr die neuen Marktbedingungen.<\/li>\n<\/ul>\n<\/div>\n<div>\n<p>Hier k\u00f6nnen Sie bequem vergangene Hefte von\u00a0<a href=\"https:\/\/shop.pv-magazine.com\/product-category\/pv-magazine-germany\/single-issue-print-digital-germany\/\">pv magazine Deutschland<\/a>\u00a0nachbestellen. W\u00e4hlen Sie einfach Ihre Wunschausgabe und wir senden Ihnen diese umgehend zu.<\/p>\n<\/div>","protected":false},"excerpt":{"rendered":"<h2><strong>Innovationen &#8211; Von der Idee zur <\/strong><strong>Praxis<\/strong><\/h2>\n<p>Die neue Ausgabe von pv magazine ist erschienen. Wir werfen einen umfassenden Blick auf die Ladeinfrastruktur \u2013 mit unserer <strong>Markt\u00fcbersicht zu \u00fcber 200 Wallboxen und Lades\u00e4ulen, 52 davon neu<\/strong> und viele schon <strong>bidirektional<\/strong>.<\/p>\n<p>Au\u00dferdem haben wir Innovationen aus dem gesamten Photovoltaik- und Batteriespeichermarkt gesichtet. Zum Beispiel Bestrebungen zu <strong>h\u00f6heren Systemspannungen<\/strong> (jetzt redet man schon von 3.000 Volt), <strong>autonom fliegende Drohnen <\/strong>zur Bau\u00fcberwachung und Betriebsf\u00fchrung, <strong>Planungssoftware<\/strong> (teilweise mit KI-Unterst\u00fctzung) f\u00fcr Installateure und ein netzbildender kommerzieller <strong>Batteriegro\u00dfspeicher<\/strong>, der ein ganzes <strong>Verteilernetz hinter einem Umspannwerk resilient<\/strong> macht.<\/p>\n<p><a href=\"https:\/\/www.flipsnack.com\/pvmagazinegroup\/pv-magazine_germany_2025-03_preview\/full-view.html\" target=\"_blank\" rel=\"noopener\">VORSCHAU<\/a><\/p>\n","protected":false},"featured_media":15295,"comment_status":"closed","ping_status":"closed","template":"","meta":{"_acf_changed":false},"product_cat":[27],"product_tag":[],"class_list":["post-15293","product","type-product","status-publish","has-post-thumbnail","hentry","product_cat-single-issue-print-digital-germany"],"acf":[],"jetpack_publicize_connections":[],"_links":{"self":[{"href":"https:\/\/shop.pv-magazine.com\/de\/wp-json\/wp\/v2\/product\/15293"}],"collection":[{"href":"https:\/\/shop.pv-magazine.com\/de\/wp-json\/wp\/v2\/product"}],"about":[{"href":"https:\/\/shop.pv-magazine.com\/de\/wp-json\/wp\/v2\/types\/product"}],"replies":[{"embeddable":true,"href":"https:\/\/shop.pv-magazine.com\/de\/wp-json\/wp\/v2\/comments?post=15293"}],"wp:featuredmedia":[{"embeddable":true,"href":"https:\/\/shop.pv-magazine.com\/de\/wp-json\/wp\/v2\/media\/15295"}],"wp:attachment":[{"href":"https:\/\/shop.pv-magazine.com\/de\/wp-json\/wp\/v2\/media?parent=15293"}],"wp:term":[{"taxonomy":"product_cat","embeddable":true,"href":"https:\/\/shop.pv-magazine.com\/de\/wp-json\/wp\/v2\/product_cat?post=15293"},{"taxonomy":"product_tag","embeddable":true,"href":"https:\/\/shop.pv-magazine.com\/de\/wp-json\/wp\/v2\/product_tag?post=15293"}],"curies":[{"name":"wp","href":"https:\/\/api.w.org\/{rel}","templated":true}]}}