{"id":149,"date":"2014-02-01T00:00:00","date_gmt":"2014-02-01T00:00:00","guid":{"rendered":"http:\/\/pvmagshop.wpengine.com\/product\/022014-single-print-issue-pv-magazine-germany\/"},"modified":"2016-05-13T15:27:18","modified_gmt":"2016-05-13T15:27:18","slug":"022014-single-print-digital-issue-pv-magazine-germany","status":"publish","type":"product","link":"https:\/\/shop.pv-magazine.com\/de\/product\/022014-single-print-digital-issue-pv-magazine-germany\/","title":{"rendered":"02\/2014 Einzelheft Print &#038; Digital &#8211; pv magazine Deutschland"},"content":{"rendered":"","protected":false},"excerpt":{"rendered":"<p>Sie interessieren sich f\u00fcr eine bestimmte Ausgabe? Hier k\u00f6nnen Sie bequem vergangene Hefte von pv magazine Deutschland nachbestellen. W\u00e4hlen Sie einfach Ihre Wunschausgabe und wir senden Ihnen diese umgehend zu.<\/p>\n","protected":false},"featured_media":708,"comment_status":"closed","ping_status":"closed","template":"","meta":{"_acf_changed":false},"product_cat":[27],"product_tag":[],"class_list":["post-149","product","type-product","status-publish","has-post-thumbnail","hentry","product_cat-single-issue-print-digital-germany"],"acf":[],"jetpack_publicize_connections":[],"_links":{"self":[{"href":"https:\/\/shop.pv-magazine.com\/de\/wp-json\/wp\/v2\/product\/149"}],"collection":[{"href":"https:\/\/shop.pv-magazine.com\/de\/wp-json\/wp\/v2\/product"}],"about":[{"href":"https:\/\/shop.pv-magazine.com\/de\/wp-json\/wp\/v2\/types\/product"}],"replies":[{"embeddable":true,"href":"https:\/\/shop.pv-magazine.com\/de\/wp-json\/wp\/v2\/comments?post=149"}],"wp:featuredmedia":[{"embeddable":true,"href":"https:\/\/shop.pv-magazine.com\/de\/wp-json\/wp\/v2\/media\/708"}],"wp:attachment":[{"href":"https:\/\/shop.pv-magazine.com\/de\/wp-json\/wp\/v2\/media?parent=149"}],"wp:term":[{"taxonomy":"product_cat","embeddable":true,"href":"https:\/\/shop.pv-magazine.com\/de\/wp-json\/wp\/v2\/product_cat?post=149"},{"taxonomy":"product_tag","embeddable":true,"href":"https:\/\/shop.pv-magazine.com\/de\/wp-json\/wp\/v2\/product_tag?post=149"}],"curies":[{"name":"wp","href":"https:\/\/api.w.org\/{rel}","templated":true}]}}