{"id":14615,"date":"2025-05-05T01:00:32","date_gmt":"2025-05-05T01:00:32","guid":{"rendered":"https:\/\/shop.pv-magazine.com\/?post_type=product&#038;p=14615"},"modified":"2025-05-05T07:51:31","modified_gmt":"2025-05-05T07:51:31","slug":"may-2025-single-digital-issue-pv-magazine-deutschland-copy","status":"publish","type":"product","link":"https:\/\/shop.pv-magazine.com\/de\/product\/may-2025-single-digital-issue-pv-magazine-deutschland-copy\/","title":{"rendered":"May 2025 Single Digital Issue &#8211; pv magazine Deutschland"},"content":{"rendered":"<h3><strong>Other topics in this issue:<\/strong><\/h3>\n<div>\n<p><strong>Flexibilisierung im Eigenheim und Gewerbe<\/strong><\/p>\n<ul>\n<li>Was Flexibilit\u00e4t mit dem <strong>Wert des Solarstroms<\/strong> zu tun hat<\/li>\n<li>Auswirkungen des <strong>Solarspitzengesetzes<\/strong><\/li>\n<li><strong>Markt\u00fcbersicht Heimenergiemanagementsysteme<\/strong> (HEMS) \u2013 \u00fcber 40 Systeme im Vergleich<\/li>\n<li><strong>Direktvermarktung<\/strong> aus kleinen Anlagen<\/li>\n<li><strong>Markt\u00fcbersicht Heimspeicher<\/strong>: fast 900 Produkte, viele mit integriertem EMS<\/li>\n<li><strong>Gemeinschaftliche Geb\u00e4udeversorgung<\/strong> \u2013 lernen aus den ersten Beispielen<\/li>\n<\/ul>\n<p><strong>Flexibilisierung bei Gro\u00dfanlagen<\/strong><\/p>\n<ul>\n<li>Vom Solarprojekt zum Gro\u00dfspeicher<\/li>\n<li><strong>Geteilter Netzanschluss<\/strong>: Was in Bezug auf die Erl\u00f6se zu erwarten ist<\/li>\n<li><strong>Flexible Netzanschl\u00fcsse<\/strong>: Beispiele f\u00fcr Kompromisse<\/li>\n<\/ul>\n<p><strong>Zus\u00e4tzlich in dieser Ausgabe<\/strong><\/p>\n<ul>\n<li><strong>25 Jahre EEG<\/strong> \u2013 wie es weitergehen kann<\/li>\n<li><strong>Modultrends<\/strong> auf der Intersolar<\/li>\n<li>Cybersicherheit: Wie lassen sich die <strong>Anlagen sicher steuern<\/strong><\/li>\n<li>FAQ zum <strong>Z\u00e4hlertausch<\/strong><\/li>\n<li>Standsicherheit von <strong>Flachdachsystemen<\/strong><\/li>\n<\/ul>\n<\/div>\n<h3>Missed an issue?<\/h3>\n<p>Help protect the environment by ordering a digital version of past issues of\u00a0<a href=\"https:\/\/shop.pv-magazine.com\/product-category\/pv-magazine-germany\/single-issue-print-digital-germany\/\">pv magazine Germany<\/a>. Simply select the desired issue and receive the corresponding download link.<\/p>","protected":false},"excerpt":{"rendered":"<p><span class=\"ui-provider eo bdg ckm cmv cmw cmx cmy cmz cna cnb cnc cnd cne cnf cng cnh cni cnj cnk cnl cnm cnn cno cnp cnq cnr cns cnt cnu cnv cnw cnx cny cnz coa\" dir=\"ltr\"><strong>pv magazine Deutschland<\/strong>\u00a0focuses on the PV industry in Germany, Austria and Switzerland, and is published in German. If you are interested in our worldwide coverage in English, please take a look at<\/span>\u00a0<a href=\"https:\/\/shop.pv-magazine.com\/product-category\/pv-magazine-global\/single-issue-print-digital-global\/\">pv magazine Global<\/a>.<\/p>\n<h2><strong>Flexibilit\u00e4t zahlt sich aus<\/strong><\/h2>\n<p><strong>Heimenergiemanagement<\/strong><strong>systeme (HEMS) stehen vor einem Umbruch: Solarspitzengesetz, dynamische Stromtarife, zeitvariable Netzentgelte und \u00a714a EnWG <\/strong>stellen neue Anforderungen \u2013 und er\u00f6ffnen neue Chancen. Die Maiausgabe von pv magazine zeigt, worauf Installateure, Anwender und Hersteller jetzt achten m\u00fcssen. Eine Markt\u00fcbersicht vergleicht \u00fcber <strong>40 Systeme.\u00a0<\/strong>Wir diskutieren\u00a0technische Unterschiede sowie neue Trends.<\/p>\n<p>Auch <strong>Batteriespeicher <\/strong>bleiben Schl\u00fcsselkomponenten: Unsere <strong>\u00dcbersicht<\/strong> umfasst inzwischen <span data-olk-copy-source=\"MessageBody\">\u00fcber 800<\/span> Produkte \u2013 viele davon mit integriertem Energiemanagement.<\/p>\n<p>Wie viel Flexibilit\u00e4t f\u00fcr die Energiewende bringen kann, zeigt eine Analyse in dieser Ausgabe: Werden statt 20 ganze 25 Gigawatt Speicher zugebaut, sinken die F\u00f6rderkosten f\u00fcr neue gro\u00dfe PV-Anlagen um 62\u202fProzent.<\/p>\n<p>Auch bei <strong>Gro\u00dfprojekten<\/strong> wird Flexibilit\u00e4t zunehmend zum Erfolgsfaktor \u2013 von der Co-Location \u00fcber flexible Netzanschl\u00fcsse bis zur Finanzierung.<\/p>\n<p><a href=\"https:\/\/www.flipsnack.com\/pvmagazinegroup\/pv-magazine_germany_2025-02_preview\/full-view.html\" target=\"_blank\" rel=\"noopener\">PREVIEW<\/a><\/p>\n","protected":false},"featured_media":14650,"comment_status":"closed","ping_status":"closed","template":"","meta":{"_acf_changed":false},"product_cat":[29],"product_tag":[],"class_list":["post-14615","product","type-product","status-publish","has-post-thumbnail","hentry","product_cat-single-issue-digital-germany"],"acf":[],"jetpack_publicize_connections":[],"_links":{"self":[{"href":"https:\/\/shop.pv-magazine.com\/de\/wp-json\/wp\/v2\/product\/14615"}],"collection":[{"href":"https:\/\/shop.pv-magazine.com\/de\/wp-json\/wp\/v2\/product"}],"about":[{"href":"https:\/\/shop.pv-magazine.com\/de\/wp-json\/wp\/v2\/types\/product"}],"replies":[{"embeddable":true,"href":"https:\/\/shop.pv-magazine.com\/de\/wp-json\/wp\/v2\/comments?post=14615"}],"wp:featuredmedia":[{"embeddable":true,"href":"https:\/\/shop.pv-magazine.com\/de\/wp-json\/wp\/v2\/media\/14650"}],"wp:attachment":[{"href":"https:\/\/shop.pv-magazine.com\/de\/wp-json\/wp\/v2\/media?parent=14615"}],"wp:term":[{"taxonomy":"product_cat","embeddable":true,"href":"https:\/\/shop.pv-magazine.com\/de\/wp-json\/wp\/v2\/product_cat?post=14615"},{"taxonomy":"product_tag","embeddable":true,"href":"https:\/\/shop.pv-magazine.com\/de\/wp-json\/wp\/v2\/product_tag?post=14615"}],"curies":[{"name":"wp","href":"https:\/\/api.w.org\/{rel}","templated":true}]}}