{"id":13927,"date":"2025-02-10T01:00:13","date_gmt":"2025-02-10T01:00:13","guid":{"rendered":"https:\/\/shop.pv-magazine.com\/?post_type=product&#038;p=13927"},"modified":"2025-02-04T15:55:18","modified_gmt":"2025-02-04T15:55:18","slug":"february-2025-single-digital-issue-pv-magazine-deutschland","status":"publish","type":"product","link":"https:\/\/shop.pv-magazine.com\/de\/product\/february-2025-single-digital-issue-pv-magazine-deutschland\/","title":{"rendered":"Februar 2025 Einzelheft Digital &#8211; pv magazine Deutschland"},"content":{"rendered":"<h3>Weitere Themen in dieser Ausgabe:<\/h3>\n<div>\n<p><strong>Gro\u00dfe Batteriespeicher<\/strong><\/p>\n<ul>\n<li><strong>Wie viele Gro\u00dfspeicher sind wirklich geplant?<\/strong><\/li>\n<li>Trends und <strong>Markt\u00fcbersicht Gro\u00df- und Gewerbespeicher<\/strong><\/li>\n<li><strong>Markt\u00fcbersicht Algotrader: <\/strong>Wer bietet Betreibern von Batteriespeichern eine vollautomatisierte, optimierte Vermarktung an?<\/li>\n<li>Welche Erl\u00f6se bringen die <strong>Algotrader<\/strong> und wie lassen sie sich <strong>vergleichen<\/strong>?<\/li>\n<\/ul>\n<div><strong>Smart kombiniert im Eigenheim und Gewerbe<\/strong><\/div>\n<ul>\n<li>Trends <strong>Energiemanagement im Heim- und Gewerbesegment<\/strong><\/li>\n<li><strong>Bidirektionales Laden: <\/strong>Frankreich macht es vor<\/li>\n<li>Outdoor-Heimspeicher<\/li>\n<\/ul>\n<p><strong>Zus\u00e4tzlich in dieser Ausgabe<\/strong><\/p>\n<ul>\n<li><strong>Installateure satteln zum Gewerbesegment um<\/strong><\/li>\n<li>Die neue VDE Spec 90038 &#8220;Solar Module Quality Standard&#8221;<\/li>\n<\/ul>\n<\/div>\n<div>\n<h3>Sie interessieren sich f\u00fcr eine bestimmte Ausgabe?<\/h3>\n<p>Hier k\u00f6nnen Sie bequem vergangene Hefte von\u00a0<a href=\"https:\/\/shop.pv-magazine.com\/product-category\/pv-magazine-germany\/single-issue-print-digital-germany\/\">pv magazine Deutschland<\/a>\u00a0nachbestellen. W\u00e4hlen Sie einfach Ihre Wunschausgabe und wir senden Ihnen diese umgehend zu.<\/p>\n<\/div>","protected":false},"excerpt":{"rendered":"<h2><strong>Surfen auf der Speicherwelle<\/strong><\/h2>\n<p>F\u00fcr manche in der Branche d\u00fcrfte es sich anf\u00fchlen wie die Ruhe vor dem Sturm. Angeblich sind <strong>226 Gigawatt Kapazit\u00e4t an gro\u00dfen Batteriespeichern<\/strong> allein bei den \u00dcbertragungsnetzbetreibern angefragt. Rechnet man die Anfragen bei ausgew\u00e4hlten Verteilnetzbetreibern hinzu, kommt man sogar auf 340 Gigawatt <strong>wie unsere aktualisierte Recherche zeigt<\/strong>. Auch wenn nur ein Teil davon realisiert wird \u2013 es gibt ja schlie\u00dflich auch Netzanschlussprobleme \u2013, wird diese Entwicklung <strong>das Energiesystem pr\u00e4gen<\/strong>.<br \/>\nWir beleuchten in der <strong>ersten pv magazine-Ausgabe des Jahres<\/strong> unter anderem den Markt, <strong>Batteriespeicher-Produkte in einer Markt\u00fcbersicht <\/strong>und die Dienstleister zur <strong>Vermarktung der Speicherkapazit\u00e4t. <\/strong>Dabei geben Anhaltspunkte, <strong>wie sich die Algotrader zur automatisch optimierten Vermarktung vergleichen lassen.\u00a0<\/strong><br \/>\nIm zweiten Schwerpunkt der Ausgabe berichten wir \u00fcber Trends beim <strong>Energiemanagement im Heim- und Gewerbesegment<\/strong>, insbesondere die Kompatibilit\u00e4t von Steuereinheiten mit W\u00e4rmepumpen, Wallboxen und Batteriespeichern.<\/p>\n<p><a href=\"https:\/\/www.flipsnack.com\/pvmagazinegroup\/pv-magazine_germany_2025-01-preview\/full-view.html\" target=\"_blank\" rel=\"noopener\">VORSCHAU<\/a><\/p>\n","protected":false},"featured_media":13926,"comment_status":"closed","ping_status":"closed","template":"","meta":{"_acf_changed":false},"product_cat":[29],"product_tag":[],"class_list":["post-13927","product","type-product","status-publish","has-post-thumbnail","hentry","product_cat-single-issue-digital-germany"],"acf":[],"jetpack_publicize_connections":[],"_links":{"self":[{"href":"https:\/\/shop.pv-magazine.com\/de\/wp-json\/wp\/v2\/product\/13927"}],"collection":[{"href":"https:\/\/shop.pv-magazine.com\/de\/wp-json\/wp\/v2\/product"}],"about":[{"href":"https:\/\/shop.pv-magazine.com\/de\/wp-json\/wp\/v2\/types\/product"}],"replies":[{"embeddable":true,"href":"https:\/\/shop.pv-magazine.com\/de\/wp-json\/wp\/v2\/comments?post=13927"}],"wp:featuredmedia":[{"embeddable":true,"href":"https:\/\/shop.pv-magazine.com\/de\/wp-json\/wp\/v2\/media\/13926"}],"wp:attachment":[{"href":"https:\/\/shop.pv-magazine.com\/de\/wp-json\/wp\/v2\/media?parent=13927"}],"wp:term":[{"taxonomy":"product_cat","embeddable":true,"href":"https:\/\/shop.pv-magazine.com\/de\/wp-json\/wp\/v2\/product_cat?post=13927"},{"taxonomy":"product_tag","embeddable":true,"href":"https:\/\/shop.pv-magazine.com\/de\/wp-json\/wp\/v2\/product_tag?post=13927"}],"curies":[{"name":"wp","href":"https:\/\/api.w.org\/{rel}","templated":true}]}}