{"id":13131,"date":"2024-09-23T01:00:02","date_gmt":"2024-09-23T01:00:02","guid":{"rendered":"https:\/\/shop.pv-magazine.com\/?post_type=product&#038;p=13131"},"modified":"2024-09-20T14:00:23","modified_gmt":"2024-09-20T14:00:23","slug":"september-2024-einzelheft-print-digital-pv-magazine-deutschland","status":"publish","type":"product","link":"https:\/\/shop.pv-magazine.com\/de\/product\/september-2024-einzelheft-print-digital-pv-magazine-deutschland\/","title":{"rendered":"September 2024 Einzelheft Print &amp; Digital &#8211; pv magazine Deutschland"},"content":{"rendered":"<p><strong>Das gilt auch im Kleinanlagensegment: <\/strong>Der <strong>Markt f\u00fcr W\u00e4rmepumpen <\/strong>ist f\u00fcr Photovoltaik-Installateure <strong>trotz der desastr\u00f6sen Diskussion \u00fcber das\u00a0Geb\u00e4udeenergiegesetz immer noch interessant<\/strong>, und er erholt sich langsam. Eine <strong>Wirtschaftlichkeitsberechnung <\/strong>zeigt, wie gro\u00df der <strong>Benefit eines Heizungswechsels sogar bei Bestandsh\u00e4usern<\/strong> ist. F\u00fcr den <strong>W\u00e4rmepumpeneinsatz in Mehrfamilien-Altbauten<\/strong>, bei denen der Sanierungsaufwand im Rahmen bleibt, gibt es inzwischen interessante <strong>Vorbilder<\/strong>.<\/p>\n<h3>Weitere Themen in dieser Ausgabe:<\/h3>\n<div>\n<p><strong>Freifl\u00e4chen-Photovoltaik im Fokus:<\/strong><\/p>\n<ul>\n<li>Welchen Beitrag k\u00f6nnen gro\u00dfe Freifl\u00e4chenanlagen zur Energiewende leisten?<\/li>\n<li><strong>Negative Strompreise:<\/strong> Ein wachsendes Problem f\u00fcr Investoren \u2013 was bedeutet das f\u00fcr die Zukunft?<\/li>\n<li><strong>Ungef\u00f6rderte Photovoltaik mit PPAs:<\/strong> Wie entwickelt sich der Markt <strong>2025<\/strong>?<\/li>\n<li><strong>Agri-Photovoltaik: <\/strong>das Segment wird durch das<strong> Solarpaket 1 <\/strong>attraktiver \u2013 aber man muss <strong>Regeln beachten<\/strong> und das <strong>Pflanzenwachstum absch\u00e4tzen<\/strong><\/li>\n<li><strong>Moor-Photovoltaik:<\/strong> Wie die Wiedervern\u00e4ssung ehemaliger Moore und der gleichzeitige Einsatz von Photovoltaik den Klimaschutz beschleunigen k\u00f6nnen.<\/li>\n<\/ul>\n<p><strong>Heizen mit Photovoltaik \u2013 immer noch lohnend:<\/strong><\/p>\n<ul>\n<li>Trotz Gesetzes-Desaster bleiben W\u00e4rmepumpen <strong>f\u00fcr Photovoltaikfirmen interessant<\/strong><\/li>\n<li><strong>Innovative Technologien:<\/strong> Ein Gro\u00dfprojekt mit <strong>Photovoltaik-Thermie-Kombimodulen (PVT)<\/strong> zeigt, was in der Technologie steckt.<\/li>\n<li>Worauf es bei der <strong>Integration von W\u00e4rmepumpen und Photovoltaikanlagen<\/strong> ankommt<\/li>\n<li><strong>Best Practice:<\/strong> Ein Mehrfamilienhaus im Bestand zeigt, wie dort der Umstieg auf Photovoltaik und W\u00e4rmepumpen gelingt.<\/li>\n<li>Warum sich der Umstieg auf eine W\u00e4rmepumpe auch im Bestand oft schnell rechnet \u2013 insbesondere mit Photovoltaikanlagen.<\/li>\n<\/ul>\n<p><strong>Zus\u00e4tzlich in dieser Ausgabe<\/strong><\/p>\n<ul>\n<li><strong>Zubau-Entwicklung:<\/strong> Ein Blick auf das Aufdachsegment<\/li>\n<li><strong>Tools und Dienstleistungen f\u00fcr Installateure:<\/strong> Unterst\u00fctzung f\u00fcr Akquise, Finanzierung und Kundendienst \u2013 so behaupten sie sich im Wettbewerb.<\/li>\n<li><strong>Erbschaftssteuer und Photovoltaik:<\/strong> Was man beachten sollte, um die Steuerlast zu senken.<\/li>\n<li><strong>Dachersatzziegel zur Modulbefestigung:<\/strong> Noch keine Pflicht, aber immer mehr Hersteller haben sie im Angebot.<\/li>\n<\/ul>\n<\/div>\n<h3>Sie interessieren sich f\u00fcr eine bestimmte Ausgabe?<\/h3>\n<p>Hier k\u00f6nnen Sie bequem vergangene Hefte von\u00a0<a href=\"https:\/\/shop.pv-magazine.com\/product-category\/pv-magazine-germany\/single-issue-print-digital-germany\/\">pv magazine Deutschland<\/a>\u00a0nachbestellen. W\u00e4hlen Sie einfach Ihre Wunschausgabe und wir senden Ihnen diese umgehend zu.<\/p>","protected":false},"excerpt":{"rendered":"<h2><strong>G\u00fcnstige Energiewende mit Freifl\u00e4chen-Photovoltaik<\/strong><\/h2>\n<p>Die <strong>Zunahme negativer Strompreise stellt keinen Showstopper f\u00fcr Freifl\u00e4chenanlagen dar<\/strong>, aber die Auswirkungen dieses <strong>Kannibalisierungseffekts<\/strong> m\u00fcssen <strong>Projektentwickler, Investoren und Stromk\u00e4ufer im Blick<\/strong> behalten. Das zeigen unsere Berichte, f\u00fcr die wir Analysten und Entwickler befragt haben, und das gilt sowohl f\u00fcr Anlagen mit <strong>Ausschreibungszuschl\u00e4gen<\/strong> als auch f\u00fcr <strong>ungef\u00f6rderte PPA-Anlagen<\/strong>. Au\u00dferdem haben wir uns die Chancen von <strong>Tracker-, Agri- und Moor-Photovoltaikanlagen<\/strong> angesehen, die in Deutschland immer noch eine Nische sind. <strong>Unser Fazit: <\/strong>Das <strong>Potenzial der Freifl\u00e4chenanlagen<\/strong> f\u00fcr die Energiewende ist enorm \u2013 <strong>da ist noch mehr drin<\/strong>.<\/p>\n<p><a href=\"https:\/\/www.flipsnack.com\/pvmagazinegroup\/pv-magazine_germany_2024-03-preview\/full-view.html\" target=\"_blank\" rel=\"noopener\">VORSCHAU<\/a><\/p>\n","protected":false},"featured_media":13133,"comment_status":"closed","ping_status":"closed","template":"","meta":{"_acf_changed":false},"product_cat":[27],"product_tag":[],"class_list":["post-13131","product","type-product","status-publish","has-post-thumbnail","hentry","product_cat-single-issue-print-digital-germany"],"acf":[],"jetpack_publicize_connections":[],"_links":{"self":[{"href":"https:\/\/shop.pv-magazine.com\/de\/wp-json\/wp\/v2\/product\/13131"}],"collection":[{"href":"https:\/\/shop.pv-magazine.com\/de\/wp-json\/wp\/v2\/product"}],"about":[{"href":"https:\/\/shop.pv-magazine.com\/de\/wp-json\/wp\/v2\/types\/product"}],"replies":[{"embeddable":true,"href":"https:\/\/shop.pv-magazine.com\/de\/wp-json\/wp\/v2\/comments?post=13131"}],"wp:featuredmedia":[{"embeddable":true,"href":"https:\/\/shop.pv-magazine.com\/de\/wp-json\/wp\/v2\/media\/13133"}],"wp:attachment":[{"href":"https:\/\/shop.pv-magazine.com\/de\/wp-json\/wp\/v2\/media?parent=13131"}],"wp:term":[{"taxonomy":"product_cat","embeddable":true,"href":"https:\/\/shop.pv-magazine.com\/de\/wp-json\/wp\/v2\/product_cat?post=13131"},{"taxonomy":"product_tag","embeddable":true,"href":"https:\/\/shop.pv-magazine.com\/de\/wp-json\/wp\/v2\/product_tag?post=13131"}],"curies":[{"name":"wp","href":"https:\/\/api.w.org\/{rel}","templated":true}]}}