{"id":12401,"date":"2024-06-11T01:00:22","date_gmt":"2024-06-11T01:00:22","guid":{"rendered":"https:\/\/shop.pv-magazine.com\/?post_type=product&#038;p=12401"},"modified":"2024-06-11T09:25:27","modified_gmt":"2024-06-11T09:25:27","slug":"june-2024-single-digital-issue-pv-magazine-deutschland","status":"publish","type":"product","link":"https:\/\/shop.pv-magazine.com\/de\/product\/june-2024-single-digital-issue-pv-magazine-deutschland\/","title":{"rendered":"June 2024 Single Digital Issue &#8211; pv magazine Deutschland"},"content":{"rendered":"<p><strong>Besonders f\u00fcr Gro\u00dfanlagen ist relevant, Auswirkungen die stark gesunkenen Modulpreise auf Qualit\u00e4t haben.<\/strong> Experten warnen, dass bei f\u00fcnf bis zehn Prozent der besonders gro\u00dffl\u00e4chigen Module mit d\u00fcnnen Gl\u00e4sern das <strong>Risiko eines Glasbruchs<\/strong> besteht, abh\u00e4ngig von der Glasbehandlung. Auch bei den <strong>Leistungsmessungen<\/strong> gibt es Trends, die Kunden teuer zu stehen kommen k\u00f6nnen. Au\u00dferdem werfen wir einen Blick auf <strong>gewerbliche Carports<\/strong> und stellen die Frage, ob die mit dem Solarpaket 1 verabschiedete <strong>gemeinschaftliche Geb\u00e4udeversorgung endlich die Photovoltaik f\u00fcr Mehrfamilienh\u00e4user attraktiver macht.<\/strong><\/p>\n<h3><strong>Other topics in this issue:<\/strong><\/h3>\n<div>\n<div><strong>Schwerpunkt \u201eEnergiemanagement f\u00fcr zu Hause\u201c: <\/strong><\/div>\n<ul>\n<li>Welche <strong>Energiemanagementsysteme<\/strong> gibt es auf dem Markt und wie lassen sie sich klassifizieren?<\/li>\n<li>Was sagen erste <strong>Tests von Energiemanagementsystemen<\/strong> bez\u00fcglich Eigenverbrauchs- und Autarkiequote beim solaren Laden?<\/li>\n<li><strong>Dynamische Stromtarife: Erl\u00f6spotenziale und Perspektive<\/strong><\/li>\n<li>Fragen und Antworten zu den Konsequenzen aus den neuen Regeln nach <strong>Paragraf 14a in Bezug auf Schnittstellen und Zertifizierungen<\/strong><\/li>\n<li>Anbindung von <strong>W\u00e4rmepumpen:<\/strong> SG Ready oder digitale Schnittstelle?<\/li>\n<\/ul>\n<p><strong>Schwerpunkt \u201eSpeicher f\u00fcr Heim und Kleingewerbe\u201c:<br \/>\n<\/strong><\/p>\n<ul>\n<li><span class=\"hiddenSpellError\">pv<\/span> <span class=\"hiddenSpellError\">magazine<\/span> <strong>Produkt\u00fcbersicht Batteriespeicher f\u00fcr Heim und Kleingewerbe<\/strong> mit Premium <span class=\"hiddenSpellError\">Selection<\/span> und 540 Produkten<\/li>\n<li><strong>Effizienz bei Hybridwechselrichtern:<\/strong> Die HTW-Berlin \u00fcber das Ergebnis ihrer Untersuchungen<\/li>\n<\/ul>\n<div><strong>Schwerpunkt \u201eModulqualit\u00e4t und -trends\u201c:<\/strong><\/div>\n<ul>\n<li>\n<div><strong>Glasbruch vermeiden:<\/strong> Bei gro\u00dfen Modulen f\u00fchren mehrere Faktoren zu einem erh\u00f6hten Risiko<\/div>\n<\/li>\n<li>\n<div>Verdr\u00e4ngen<strong> Glas-Glas-Module<\/strong> die <strong>Glas-Folie-Module<\/strong> bald vollst\u00e4ndig?<\/div>\n<\/li>\n<li>\n<div><strong>Leistungsabweichungen<\/strong> von angegebenen Nennleistungen<\/div>\n<\/li>\n<li>\n<div><strong>Module werden nachhaltiger und es gibt einen neuen Effizienzrekord.<\/strong><\/div>\n<\/li>\n<\/ul>\n<p><strong>Au\u00dferdem:<\/strong><\/p>\n<ul>\n<li><strong>Goldgr\u00e4berstimmung<\/strong> dank der <strong>\u201ekommunalen Beteiligung\u201c<\/strong> im EEG<\/li>\n<li>Ab 2025 gibt es f\u00fcr Betreiber einen <strong>Markt f\u00fcr Netzdienstleistungen<\/strong><\/li>\n<li><strong>Die neue gemeinschaftliche Geb\u00e4udeversorgung<\/strong> im EEG<\/li>\n<li><strong>Carports f\u00fcr gewerbliche Parkpl\u00e4tze<\/strong><\/li>\n<li>Befestigung von <strong>Balkonmodulen<\/strong><\/li>\n<\/ul>\n<\/div>\n<h3>Missed an issue?<\/h3>\n<p>Help protect the environment by ordering a digital version of past issues of\u00a0<a href=\"https:\/\/shop.pv-magazine.com\/product-category\/pv-magazine-germany\/single-issue-print-digital-germany\/\">pv magazine Germany<\/a>. Simply select the desired issue and receive the corresponding download link.<\/p>","protected":false},"excerpt":{"rendered":"<p><span class=\"ui-provider eo bdg ckm cmv cmw cmx cmy cmz cna cnb cnc cnd cne cnf cng cnh cni cnj cnk cnl cnm cnn cno cnp cnq cnr cns cnt cnu cnv cnw cnx cny cnz coa\" dir=\"ltr\"><strong>pv magazine Deutschland<\/strong>\u00a0focuses on the PV industry in Germany, Austria and Switzerland, and is published in German. If you are interested in our worldwide coverage in English, please take a look at<\/span>\u00a0<a href=\"https:\/\/shop.pv-magazine.com\/product-category\/pv-magazine-global\/single-issue-print-digital-global\/\">pv magazine Global<\/a>.<\/p>\n<h2><strong>Neue Dynamik f\u00fcrs Energiemanagement<\/strong><\/h2>\n<p>Was bringen die <strong>dynamischen Stromtarife<\/strong>, sind wirklich Erl\u00f6se von 2.000 Euro im Jahr m\u00f6glich und <strong>was ist bei der Wahl des Heim-Energiemanagements zu beachten, wenn man von den negativen Strompreisen profitieren will?<\/strong> Im Schwerpunkt \u201eEnergiemanagement f\u00fcr zu Hause\u201c <strong>stellen wir Energiemanagementsysteme vor<\/strong> und werfen einen Blick auf <strong>Qualit\u00e4tskriterien<\/strong>, auf die <strong>Integration von W\u00e4rmepumpen,<\/strong> und worauf man achten sollte, um kompatibel mit den <strong>Anforderungen an steuerbare Lasten nach Paragraf 14a<\/strong> des Energiewirtschaftsgesetzes zu sein. Gerade letzteres kann Folgekosten verursachen, wenn man sie nicht rechtzeitig beachtet. In das Energiemanagementsystem sind meistens Speicher eingebunden. Sie finden in der aktuellen Ausgabe die <strong>aktualisierte Produkt\u00fcbersicht Heimspeicher<\/strong> mit 540 Eintr\u00e4gen.<\/p>\n<p><a href=\"https:\/\/www.flipsnack.com\/pvmagazinegroup\/pv-magazine_germany_2024-02-preview\/full-view.html\" target=\"_blank\" rel=\"noopener\">VORSCHAU<\/a><\/p>\n","protected":false},"featured_media":12475,"comment_status":"closed","ping_status":"closed","template":"","meta":{"_acf_changed":false},"product_cat":[29],"product_tag":[],"class_list":["post-12401","product","type-product","status-publish","has-post-thumbnail","hentry","product_cat-single-issue-digital-germany"],"acf":[],"jetpack_publicize_connections":[],"_links":{"self":[{"href":"https:\/\/shop.pv-magazine.com\/de\/wp-json\/wp\/v2\/product\/12401"}],"collection":[{"href":"https:\/\/shop.pv-magazine.com\/de\/wp-json\/wp\/v2\/product"}],"about":[{"href":"https:\/\/shop.pv-magazine.com\/de\/wp-json\/wp\/v2\/types\/product"}],"replies":[{"embeddable":true,"href":"https:\/\/shop.pv-magazine.com\/de\/wp-json\/wp\/v2\/comments?post=12401"}],"wp:featuredmedia":[{"embeddable":true,"href":"https:\/\/shop.pv-magazine.com\/de\/wp-json\/wp\/v2\/media\/12475"}],"wp:attachment":[{"href":"https:\/\/shop.pv-magazine.com\/de\/wp-json\/wp\/v2\/media?parent=12401"}],"wp:term":[{"taxonomy":"product_cat","embeddable":true,"href":"https:\/\/shop.pv-magazine.com\/de\/wp-json\/wp\/v2\/product_cat?post=12401"},{"taxonomy":"product_tag","embeddable":true,"href":"https:\/\/shop.pv-magazine.com\/de\/wp-json\/wp\/v2\/product_tag?post=12401"}],"curies":[{"name":"wp","href":"https:\/\/api.w.org\/{rel}","templated":true}]}}