{"id":11593,"date":"2024-02-15T01:00:55","date_gmt":"2024-02-15T01:00:55","guid":{"rendered":"https:\/\/shop.pv-magazine.com\/?post_type=product&#038;p=11593"},"modified":"2024-05-30T17:28:02","modified_gmt":"2024-05-30T17:28:02","slug":"februar-2024-single-print-digital-issue-pv-magazine-deutschland","status":"publish","type":"product","link":"https:\/\/shop.pv-magazine.com\/de\/product\/februar-2024-single-print-digital-issue-pv-magazine-deutschland\/","title":{"rendered":"Februar 2024 Single Print &amp; Digital Issue &#8211; pv magazine Deutschland"},"content":{"rendered":"<p>Die Herausforderung <strong>Ladeinfrastruktur<\/strong> gehen wir mit dem zweiten Schwerpunkt an. Die <strong>Markt\u00fcbersicht Wallboxen und Lades\u00e4ulen enth\u00e4lt \u00fcber 200 Produkte<\/strong>, zu denen wir insbesondere Details zu <strong>Lastmanagement sowie solaroptimiertem und bidirektionalem Laden<\/strong> abgefragt haben. Im dritten Schwerpunkt berichten wir \u00fcber den <strong>Wasserstoffmarkt<\/strong>, die <strong>Kostenentwicklung bei Elektrolyseuren<\/strong> und die <strong>Chancen f\u00fcr Investoren und Betreiber aus dem Solarbereich<\/strong>.<\/p>\n<p>&nbsp;<\/p>\n<h3>Weitere Themen in dieser Ausgabe:<\/h3>\n<div>\n<div><strong>Schwerpunkt \u201eGro\u00dfe Speicher bauen und betreiben\u201c:<\/strong><\/div>\n<ul>\n<li><strong>Markt\u00fcbersicht Gro\u00df- und Gewerbespeicher<\/strong>: \u00dcber 300 Produkte und Dienstleistungen von mehr als 50 Anbietern mit vielen Details<\/li>\n<li>Baukostenzuschuss: Was ein Gerichtsurteil f\u00fcr die <strong>Kosten f\u00fcr Speicher-Netzanschl\u00fcsse <\/strong>bedeutet<\/li>\n<li>Mit <strong>Algotradern <\/strong>Geld verdienen: \u00dcbersicht \u00fcber Angebote zum <strong>automatisierten Handel mit Speicherkapazit\u00e4ten<\/strong> an Energie- und Relegenergiem\u00e4rkten.<\/li>\n<\/ul>\n<p><strong>Schwerpunkt \u201eSmart kombiniert im Eigenheim\u201c:<\/strong><\/p>\n<ul>\n<li>\u00dcbersicht \u00fcber (neue) <strong>Regelungen f\u00fcr Geb\u00e4ude<\/strong>, wenn man Photovoltaik, Speicher, W\u00e4rmepumpen oder Wallboxen installiert<\/li>\n<li>Wann und f\u00fcr en lohnen <strong>dynamische Stromtarife<\/strong>?<\/li>\n<li><strong>Energiemanagementsysteme<\/strong>: Trends und Unterscheidungsmerkmale<\/li>\n<\/ul>\n<div><strong>Schwerpunkt \u201eBrennpunkt Handwerk\u201c:<\/strong><\/div>\n<ul>\n<li>pv magazine <strong>Umfrage unter Installateuren<\/strong> zur Marktentwicklung<\/li>\n<li><strong>Marketing<\/strong> f\u00fcr Installationsbetriebe<\/li>\n<li><strong>Paragraf 14a<\/strong>: neue Regelung der Bundesnetzagentur zu steuerbaren Lasten wie <strong>W\u00e4rmepumpen und Wallboxen<\/strong> und zur Ansteuerung von <strong>Heimspeichern<\/strong><\/li>\n<li>Heizen mit <strong>70 Grad Vorlauftemperatur<\/strong>: Fortschritte bei der <strong>Effizienz der W\u00e4rmepumpen<\/strong><\/li>\n<li>Standardsysteme f\u00fcr <strong>Fassaden<\/strong>: Fragen und Antworten<\/li>\n<\/ul>\n<p><strong>Au\u00dferdem:<\/strong><\/p>\n<ul>\n<li>Solarstrom f\u00fcr Elektrolyseure: <strong>Solar-Wasserstoff-PPAs<\/strong><\/li>\n<li><strong>Was kostet Strom im Jahr 2030?<\/strong><\/li>\n<li>Der n\u00e4chste <strong>Effizienzsprung in der Perowskit-Forschung<\/strong><\/li>\n<\/ul>\n<\/div>\n<h3>Sie interessieren sich f\u00fcr eine bestimmte Ausgabe?<\/h3>\n<p>Hier k\u00f6nnen Sie bequem vergangene Hefte von\u00a0<a href=\"https:\/\/shop.pv-magazine.com\/product-category\/pv-magazine-germany\/single-issue-print-digital-germany\/\">pv magazine Deutschland<\/a>\u00a0nachbestellen. W\u00e4hlen Sie einfach Ihre Wunschausgabe und wir senden Ihnen diese umgehend zu.<\/p>","protected":false},"excerpt":{"rendered":"<h2><strong>Mit Batteriespeichern zu g\u00fcnstigerem Strom<\/strong><\/h2>\n<p>Der Markt f\u00fcr <strong>Gro\u00df- und Gewerbespeicher<\/strong> ist stark gewachsen. Doch wie l\u00e4sst sich mit den Ger\u00e4ten am Strommarkt Geld verdienen? Wir geben in der aktuellen Ausgabe einen \u00dcberblick \u00fcber die so genannten <strong>Algotrader, die automatisiert Speicherkapaziz\u00e4t vermarken<\/strong>. Au\u00dferdem finden Sie im ersten Schwerpunkt der aktuellen Ausgabe eine <strong>\u00dcbersicht \u00fcber 300 Produkte und Dienstleistungen<\/strong> <strong>und die Trends<\/strong> in diesen Segmenten.<\/p>\n<p><a href=\"https:\/\/www.flipsnack.com\/pvmagazinegroup\/pv-magazine_germany_2024-01-preview\/full-view.html\" target=\"_blank\" rel=\"noopener\">VORSCHAU<\/a><\/p>\n","protected":false},"featured_media":11591,"comment_status":"closed","ping_status":"closed","template":"","meta":{"_acf_changed":false},"product_cat":[27],"product_tag":[],"class_list":["post-11593","product","type-product","status-publish","has-post-thumbnail","hentry","product_cat-single-issue-print-digital-germany"],"acf":[],"jetpack_publicize_connections":[],"_links":{"self":[{"href":"https:\/\/shop.pv-magazine.com\/de\/wp-json\/wp\/v2\/product\/11593"}],"collection":[{"href":"https:\/\/shop.pv-magazine.com\/de\/wp-json\/wp\/v2\/product"}],"about":[{"href":"https:\/\/shop.pv-magazine.com\/de\/wp-json\/wp\/v2\/types\/product"}],"replies":[{"embeddable":true,"href":"https:\/\/shop.pv-magazine.com\/de\/wp-json\/wp\/v2\/comments?post=11593"}],"wp:featuredmedia":[{"embeddable":true,"href":"https:\/\/shop.pv-magazine.com\/de\/wp-json\/wp\/v2\/media\/11591"}],"wp:attachment":[{"href":"https:\/\/shop.pv-magazine.com\/de\/wp-json\/wp\/v2\/media?parent=11593"}],"wp:term":[{"taxonomy":"product_cat","embeddable":true,"href":"https:\/\/shop.pv-magazine.com\/de\/wp-json\/wp\/v2\/product_cat?post=11593"},{"taxonomy":"product_tag","embeddable":true,"href":"https:\/\/shop.pv-magazine.com\/de\/wp-json\/wp\/v2\/product_tag?post=11593"}],"curies":[{"name":"wp","href":"https:\/\/api.w.org\/{rel}","templated":true}]}}