{"id":11122,"date":"2023-11-20T01:00:27","date_gmt":"2023-11-20T01:00:27","guid":{"rendered":"https:\/\/shop.pv-magazine.com\/?post_type=product&#038;p=11122"},"modified":"2024-02-13T08:03:58","modified_gmt":"2024-02-13T08:03:58","slug":"november-2023-single-digital-issue-pv-magazine-germany","status":"publish","type":"product","link":"https:\/\/shop.pv-magazine.com\/de\/product\/november-2023-single-digital-issue-pv-magazine-germany\/","title":{"rendered":"November 2023 Einzelheft Digital &#8211; pv magazine Deutschland"},"content":{"rendered":"Die Herausforderung <strong>Ladeinfrastruktur<\/strong> gehen wir mit dem zweiten Schwerpunkt an. Die <strong>Markt\u00fcbersicht Wallboxen und Lades\u00e4ulen enth\u00e4lt \u00fcber 200 Produkte<\/strong>, zu denen wir insbesondere Details zu <strong>Lastmanagement sowie solaroptimiertem und bidirektionalem Laden<\/strong> abgefragt haben. Im dritten Schwerpunkt berichten wir \u00fcber den <strong>Wasserstoffmarkt<\/strong>, die <strong>Kostenentwicklung bei Elektrolyseuren<\/strong> und die <strong>Chancen f\u00fcr Investoren und Betreiber aus dem Solarbereich<\/strong>.<\/p>\n<h3>Weitere Themen in dieser Ausgabe:<\/h3>\n<div><strong>Schwerpunkt \u201eHerausforderungen im Solarboom\u201c:<\/strong><\/div>\n<ul>\n<li><strong>Modulschwemme und Preissturz<\/strong> \u2013 wie geht es weiter?<\/li>\n<li><strong>Produktion in Europa<\/strong> angesichts der ver\u00e4nderten Situation<\/li>\n<li><strong>Netzentgelte<\/strong> m\u00fcssen reformiert werden.<\/li>\n<li><strong>Strommarktdesign<\/strong> kann sich auf Photovoltaik-Erl\u00f6se auswirken.<\/li>\n<li><strong>Regionale Preise<\/strong> und <strong>Aussichten f\u00fcr Installationsbetriebe<\/strong><\/li>\n<\/ul>\n<div>\n<p><strong>Schwerpunkt \u201eLadeinfrastruktur\u201c:<\/strong><\/p>\n<ul>\n<li>Funktionalita\u0308ten von <strong>\u00fcber 200 Wallboxen und Ladesa\u0308ulen<\/strong><\/li>\n<li><strong>Unterscheidungsmerkmale<\/strong> bei Wallboxen und <strong>solaroptimiertem Laden<\/strong><\/li>\n<li><strong>Bidirektionales Laden<\/strong>: Elf Wallboxen k\u00f6nnen es schon.<\/li>\n<li>Drei Beispiele f\u00fcr <strong>Ladeinfrastruktur und Lastmanagement im Gewerbe<\/strong><\/li>\n<\/ul>\n<p><strong>Schwerpunkt \u201eWasserstoff und Photovoltaik\u201c:<\/strong><\/p>\n<\/div>\n<ul>\n<li>Die Produktion von morgen: <strong>Kostenentwicklung bei Elektrolyseuren<\/strong><\/li>\n<li>Die Marktentwicklung von morgen: <strong>hiesiger Wasserstoff<\/strong> kann konkurrieren.<\/li>\n<\/ul>\n<h3><strong>Au\u00dferdem:<\/strong><\/h3>\n<ul>\n<li><strong>50 lokale W\u00e4rmenetze, versorgt mit Solarstrom<\/strong>, sollen Akzeptanz erh\u00f6hen.<\/li>\n<li><strong>Photovoltaik an Autobahnen<\/strong> ohne Baugenehmigung<\/li>\n<\/ul>\n<h3>Sie interessieren sich f\u00fcr eine bestimmte Ausgabe?<\/h3>\n<p>Hier k\u00f6nnen Sie bequem vergangene Hefte von\u00a0<a href=\"https:\/\/shop.pv-magazine.com\/product-category\/pv-magazine-germany\/single-issue-print-digital-germany\/\">pv magazine Deutschland<\/a>\u00a0nachbestellen. W\u00e4hlen Sie einfach Ihre Wunschausgabe und wir senden Ihnen diese umgehend zu.","protected":false},"excerpt":{"rendered":"<h2>Herausforderungen im Solarboom<\/h2>\n<p>Der Solarboom ist da \u2013 <strong>dennoch bestehen immer noch viele Herausforderungen: <\/strong>Der <strong>Preisverfall, <\/strong>eine<strong> m\u00f6gliche \u00dcberproduktion <\/strong>und die <strong>Lagerhaltung<\/strong> machen dem Handel und den EU-Produzenten zu schaffen<strong>, die Netzentgeltreform <\/strong>ist extrem relevant f\u00fcr den Erfolg der Energiewende, die <strong>Strommarktreform beeinflusst die Erl\u00f6se <\/strong>und der <strong>Wettbewerb unter Installationsunternehmen\u00a0<\/strong>nimmt\u00a0 zu. Das sind die Themen des ersten Schwerpunktes der neuen Ausgabe.<\/p>\n<p><a href=\"https:\/\/www.flipsnack.com\/pvmagazinegroup\/pv-magazine_germany_2023-04_preview\/full-view.html\" target=\"_blank\" rel=\"noopener\">VORSCHAU<\/a><\/p>\n","protected":false},"featured_media":11120,"comment_status":"closed","ping_status":"closed","template":"","meta":{"_acf_changed":false},"product_cat":[29],"product_tag":[],"class_list":["post-11122","product","type-product","status-publish","has-post-thumbnail","hentry","product_cat-single-issue-digital-germany"],"acf":[],"jetpack_publicize_connections":[],"_links":{"self":[{"href":"https:\/\/shop.pv-magazine.com\/de\/wp-json\/wp\/v2\/product\/11122"}],"collection":[{"href":"https:\/\/shop.pv-magazine.com\/de\/wp-json\/wp\/v2\/product"}],"about":[{"href":"https:\/\/shop.pv-magazine.com\/de\/wp-json\/wp\/v2\/types\/product"}],"replies":[{"embeddable":true,"href":"https:\/\/shop.pv-magazine.com\/de\/wp-json\/wp\/v2\/comments?post=11122"}],"wp:featuredmedia":[{"embeddable":true,"href":"https:\/\/shop.pv-magazine.com\/de\/wp-json\/wp\/v2\/media\/11120"}],"wp:attachment":[{"href":"https:\/\/shop.pv-magazine.com\/de\/wp-json\/wp\/v2\/media?parent=11122"}],"wp:term":[{"taxonomy":"product_cat","embeddable":true,"href":"https:\/\/shop.pv-magazine.com\/de\/wp-json\/wp\/v2\/product_cat?post=11122"},{"taxonomy":"product_tag","embeddable":true,"href":"https:\/\/shop.pv-magazine.com\/de\/wp-json\/wp\/v2\/product_tag?post=11122"}],"curies":[{"name":"wp","href":"https:\/\/api.w.org\/{rel}","templated":true}]}}