{"id":1023,"date":"2016-06-16T16:17:09","date_gmt":"2016-06-16T16:17:09","guid":{"rendered":"https:\/\/shop.pv-magazine.com\/product\/022016-single-print-digital-issue-pv-magazine-germany\/"},"modified":"2025-04-29T10:22:57","modified_gmt":"2025-04-29T10:22:57","slug":"022016-single-print-digital-issue-pv-magazine-germany","status":"publish","type":"product","link":"https:\/\/shop.pv-magazine.com\/de\/product\/022016-single-print-digital-issue-pv-magazine-germany\/","title":{"rendered":"Juni 2016 Einzelheft Print &amp; Digital &#8211; pv magazine Deutschland &#8211; PRINT AUSGABE AUSVERKAUFT \u2013 DIGITALE VERSION VERF\u00dcGBAR"},"content":{"rendered":"<strong data-start=\"305\" data-end=\"365\">PRINT AUSGABE AUSVERKAUFT \u2013 DIGITALE AUSGABE VERF\u00dcGBAR<\/strong><br data-start=\"365\" data-end=\"368\" \/>Die gedruckte Version dieses Produkts ist derzeit ausverkauft.<br data-start=\"430\" data-end=\"433\" \/>Die <strong data-start=\"437\" data-end=\"457\">digitale Version<\/strong> ist <a href=\"https:\/\/shop.pv-magazine.com\/de\/product\/022016-single-digital-issue-pv-magazine-germany\/\" target=\"_blank\" rel=\"noopener\">hier erh\u00e4ltlich<\/a>","protected":false},"excerpt":{"rendered":"<p>Sie interessieren sich f\u00fcr eine bestimmte Ausgabe? Hier k\u00f6nnen Sie bequem vergangene Hefte von pv magazine Deutschland nachbestellen. W\u00e4hlen Sie einfach Ihre Wunschausgabe und wir senden Ihnen diese umgehend zu.<\/p>\n","protected":false},"featured_media":14624,"comment_status":"closed","ping_status":"closed","template":"","meta":{"_acf_changed":false},"product_cat":[27],"product_tag":[],"class_list":["post-1023","product","type-product","status-publish","has-post-thumbnail","hentry","product_cat-single-issue-print-digital-germany"],"acf":[],"jetpack_publicize_connections":[],"_links":{"self":[{"href":"https:\/\/shop.pv-magazine.com\/de\/wp-json\/wp\/v2\/product\/1023"}],"collection":[{"href":"https:\/\/shop.pv-magazine.com\/de\/wp-json\/wp\/v2\/product"}],"about":[{"href":"https:\/\/shop.pv-magazine.com\/de\/wp-json\/wp\/v2\/types\/product"}],"replies":[{"embeddable":true,"href":"https:\/\/shop.pv-magazine.com\/de\/wp-json\/wp\/v2\/comments?post=1023"}],"wp:featuredmedia":[{"embeddable":true,"href":"https:\/\/shop.pv-magazine.com\/de\/wp-json\/wp\/v2\/media\/14624"}],"wp:attachment":[{"href":"https:\/\/shop.pv-magazine.com\/de\/wp-json\/wp\/v2\/media?parent=1023"}],"wp:term":[{"taxonomy":"product_cat","embeddable":true,"href":"https:\/\/shop.pv-magazine.com\/de\/wp-json\/wp\/v2\/product_cat?post=1023"},{"taxonomy":"product_tag","embeddable":true,"href":"https:\/\/shop.pv-magazine.com\/de\/wp-json\/wp\/v2\/product_tag?post=1023"}],"curies":[{"name":"wp","href":"https:\/\/api.w.org\/{rel}","templated":true}]}}