{"id":24,"date":"2016-02-24T20:24:34","date_gmt":"2016-02-24T20:24:34","guid":{"rendered":"http:\/\/pvmagshop.wpengine.com\/?page_id=24"},"modified":"2018-05-16T08:19:33","modified_gmt":"2018-05-16T08:19:33","slug":"legal-notice","status":"publish","type":"page","link":"https:\/\/shop.pv-magazine.com\/de\/legal-notice\/","title":{"rendered":"Impressum"},"content":{"rendered":"shop.pv-magazine.com ist eine Website von pv magazine group GmbH &amp; Co. KG.<\/p>\n<h3>Publisher<\/h3>\n<p>pv magazine group GmbH &amp; Co. KG<\/p>\n<p>pv magazine wurde 1996 von\u00a0Solarpraxis AG, Karl-Heinz Remmers gegr\u00fcndet.<\/p>\n<h3>Publisher&#8217;s address<\/h3>\n<p>Kurf\u00fcrstendamm 64<br \/>\n1\u20280707 Berlin<br \/>\nTelefon: 0049 (0) 30 213 005 &#8211; 018<br \/>\n<a href=\"mailto:&#x73;&#x75;&#x70;&#x70;&#x6f;&#x72;&#x74;&#x40;&#x70;&#x76;&#x2d;&#x6d;&#x61;&#x67;&#x61;&#x7a;&#x69;&#x6e;&#x65;&#x2e;&#x63;&#x6f;&#x6d;\">&#x73;&#x75;&#x70;&#x70;&#x6f;&#x72;&#x74;&#x40;<span class=\"oe_displaynone\">null<\/span>&#x70;&#x76;&#x2d;&#x6d;&#x61;&#x67;&#x61;&#x7a;&#x69;&#x6e;&#x65;&#x2e;&#x63;&#x6f;&#x6d;<\/a><\/p>\n<p>Registergericht: Amtsgericht Charlottenburg | HRA 48544<br \/>\nSteuer-Nr.: 27\/170\/12575<br \/>\nUmsatzsteuer-Identifikationsnummer gem. \u00a727a UStG:\u00a0DE 293 212 376<\/p>\n<p>Inhaltlich verantwortlich gem. \u00a7 6 MDStV<br \/>\nEckhart K. Gouras<\/p>\n<p>Please note that shop.pv-magazine.com is not responsible for the content of external sites and third parties.<\/p>\n<h3><b>Urheberrecht<\/b><\/h3>\n<p>Alle Inhalte sind urheberrechtlich gesch\u00fctzt. Nachdruck &#8211; auch auszugsweise &#8211; nur mit schriftlicher Genehmigung.<\/p>\n<h3>Haftungsausschluss<\/h3>\n<p>Die pv magazine group GmbH &amp; Co. KG ist als Inhaltsanbieter f\u00fcr die \u201eeigenen Inhalte\u201c, die sie zur Nutzung bereith\u00e4lt, nach den allgemeinen Gesetzen verantwortlich. Von diesen eigenen Inhalten sind Querverweise (\u201eLinks\u201c) auf die von anderen Anbietern bereitgehaltenen Inhalte zu unterscheiden. Durch den Querverweis h\u00e4lt die pv magazine group GmbH &amp; Co. KG insofern \u201efremde Inhalte\u201c zur Nutzung bereit, die in dieser Weise gekennzeichnet sind. Bei \u201eLinks\u201c handelt es sich stets um \u201elebende\u201c (dynamische) Verweisungen. Die pv magazine group GmbH &amp; Co. KG hat bei der erstmaligen Verkn\u00fcpfung zwar den fremden Inhalt daraufhin \u00fcberpr\u00fcft, ob durch ihn eine m\u00f6gliche zivilrechtliche oder strafrechtliche Verantwortlichkeit ausgel\u00f6st wird. Sie \u00fcberpr\u00fcft aber die Inhalte, auf die sie in ihrem Angebot verweist, nicht st\u00e4ndig auf Ver\u00e4nderungen, die eine Verantwortlichkeit neu begr\u00fcnden k\u00f6nnten. Wenn sie feststellt oder von anderen darauf hingewiesen wird, dass ein konkretes Angebot, zu dem sie einen Link bereitgestellt hat, eine zivil- oder strafrechtliche Verantwortlichkeit ausl\u00f6st, wird sie den Verweis auf dieses Angebot aufheben.","protected":false},"excerpt":{"rendered":"<p>shop.pv-magazine.com ist eine Website von pv magazine group GmbH &amp; Co. KG. Publisher pv magazine group GmbH &amp; Co. KG pv magazine wurde 1996 von\u00a0Solarpraxis AG, Karl-Heinz Remmers gegr\u00fcndet. Publisher&#8217;s address Kurf\u00fcrstendamm 64 1\u20280707 Berlin Telefon: 0049 (0) 30 213 005 &#8211; 018 &#x73;&#x75;&#x70;&#x70;&#x6f;&#x72;&#x74;&#x40;null&#x70;&#x76;&#x2d;&#x6d;&#x61;&#x67;&#x61;&#x7a;&#x69;&#x6e;&#x65;&#x2e;&#x63;&#x6f;&#x6d; Registergericht: Amtsgericht Charlottenburg | HRA 48544 Steuer-Nr.: 27\/170\/12575 Umsatzsteuer-Identifikationsnummer gem. \u00a727a UStG:\u00a0DE 293 212 376 Inhaltlich verantwortlich gem. \u00a7 6 MDStV Eckhart K. Gouras Please note that shop.pv-magazine.com is not responsible for the content of external sites and third parties. Urheberrecht Alle Inhalte sind urheberrechtlich gesch\u00fctzt. Nachdruck &#8211; auch auszugsweise &#8211; nur mit schriftlicher Genehmigung. Haftungsausschluss Die pv magazine group GmbH &amp; Co. KG ist als Inhaltsanbieter f\u00fcr die \u201eeigenen Inhalte\u201c, die sie zur Nutzung bereith\u00e4lt, nach den allgemeinen Gesetzen verantwortlich. Von diesen eigenen Inhalten sind Querverweise (\u201eLinks\u201c) auf die von anderen Anbietern bereitgehaltenen Inhalte zu unterscheiden. Durch den Querverweis h\u00e4lt die pv magazine group GmbH &amp; Co. KG insofern \u201efremde Inhalte\u201c zur Nutzung bereit, die in dieser Weise gekennzeichnet sind. Bei \u201eLinks\u201c handelt es sich stets um \u201elebende\u201c (dynamische) Verweisungen. Die pv magazine group GmbH &amp; Co. KG hat bei der erstmaligen Verkn\u00fcpfung zwar den fremden Inhalt daraufhin \u00fcberpr\u00fcft, ob durch ihn eine m\u00f6gliche zivilrechtliche&hellip; <a class=\"read-more-link\" href=\"https:\/\/shop.pv-magazine.com\/de\/legal-notice\/\">Read More<\/a><\/p>\n","protected":false},"author":2,"featured_media":0,"parent":0,"menu_order":0,"comment_status":"closed","ping_status":"closed","template":"","meta":{"_acf_changed":false,"footnotes":""},"coauthors":[36],"class_list":["post-24","page","type-page","status-publish","hentry"],"acf":[],"_links":{"self":[{"href":"https:\/\/shop.pv-magazine.com\/de\/wp-json\/wp\/v2\/pages\/24"}],"collection":[{"href":"https:\/\/shop.pv-magazine.com\/de\/wp-json\/wp\/v2\/pages"}],"about":[{"href":"https:\/\/shop.pv-magazine.com\/de\/wp-json\/wp\/v2\/types\/page"}],"author":[{"embeddable":true,"href":"https:\/\/shop.pv-magazine.com\/de\/wp-json\/wp\/v2\/users\/2"}],"replies":[{"embeddable":true,"href":"https:\/\/shop.pv-magazine.com\/de\/wp-json\/wp\/v2\/comments?post=24"}],"version-history":[{"count":0,"href":"https:\/\/shop.pv-magazine.com\/de\/wp-json\/wp\/v2\/pages\/24\/revisions"}],"wp:attachment":[{"href":"https:\/\/shop.pv-magazine.com\/de\/wp-json\/wp\/v2\/media?parent=24"}],"wp:term":[{"taxonomy":"author","embeddable":true,"href":"https:\/\/shop.pv-magazine.com\/de\/wp-json\/wp\/v2\/coauthors?post=24"}],"curies":[{"name":"wp","href":"https:\/\/api.w.org\/{rel}","templated":true}]}}